{"id":38,"date":"2024-10-02T14:16:26","date_gmt":"2024-10-02T14:16:26","guid":{"rendered":"https:\/\/ipnote.pro\/worldwide\/services\/"},"modified":"2024-11-25T12:14:27","modified_gmt":"2024-11-25T12:14:27","slug":"services","status":"publish","type":"page","link":"https:\/\/ipnote.pro\/worldwide\/pl\/services\/","title":{"rendered":"Us\u0142ugi"},"content":{"rendered":"","protected":false},"excerpt":{"rendered":"","protected":false},"author":16,"featured_media":0,"parent":0,"menu_order":0,"comment_status":"closed","ping_status":"closed","template":"page-services-en.php","meta":{"_acf_changed":false,"content-type":"","inline_featured_image":false,"footnotes":""},"class_list":["post-38","page","type-page","status-publish","hentry"],"acf":[],"yoast_head":"<!-- This site is optimized with the Yoast SEO Premium plugin v20.8 (Yoast SEO v20.11) - https:\/\/yoast.com\/wordpress\/plugins\/seo\/ -->\n<title>Comprehensive Intellectual Property Services for Global Businesses Worldwide<\/title>\n<meta name=\"description\" content=\"Offering expert intellectual property services worldwide, from patenting to trademarking, tailored to protect your business and fuel growth in any market\" \/>\n<meta name=\"robots\" content=\"index, follow, max-snippet:-1, max-image-preview:large, max-video-preview:-1\" \/>\n<link rel=\"canonical\" href=\"https:\/\/ipnote.pro\/worldwide\/pl\/services\/\" \/>\n<meta property=\"og:locale\" content=\"pl_PL\" \/>\n<meta property=\"og:type\" content=\"article\" \/>\n<meta property=\"og:title\" content=\"Services\" \/>\n<meta property=\"og:description\" content=\"Offering expert intellectual property services worldwide, from patenting to trademarking, tailored to protect your business and fuel growth in any market\" \/>\n<meta property=\"og:url\" content=\"https:\/\/ipnote.pro\/worldwide\/pl\/services\/\" \/>\n<meta property=\"og:site_name\" content=\"Worldwide\" \/>\n<meta property=\"article:modified_time\" content=\"2024-11-25T12:14:27+00:00\" \/>\n<meta name=\"twitter:card\" content=\"summary_large_image\" \/>\n<script type=\"application\/ld+json\" class=\"yoast-schema-graph\">{\"@context\":\"https:\/\/schema.org\",\"@graph\":[{\"@type\":\"WebPage\",\"@id\":\"https:\/\/ipnote.pro\/worldwide\/services\/\",\"url\":\"https:\/\/ipnote.pro\/worldwide\/services\/\",\"name\":\"Comprehensive Intellectual Property Services for Global Businesses Worldwide\",\"isPartOf\":{\"@id\":\"https:\/\/ipnote.pro\/worldwide\/#website\"},\"datePublished\":\"2024-10-02T14:16:26+00:00\",\"dateModified\":\"2024-11-25T12:14:27+00:00\",\"description\":\"Offering expert intellectual property services worldwide, from patenting to trademarking, tailored to protect your business and fuel growth in any market\",\"breadcrumb\":{\"@id\":\"https:\/\/ipnote.pro\/worldwide\/services\/#breadcrumb\"},\"inLanguage\":\"pl-PL\",\"potentialAction\":[{\"@type\":\"ReadAction\",\"target\":[\"https:\/\/ipnote.pro\/worldwide\/services\/\"]}]},{\"@type\":\"BreadcrumbList\",\"@id\":\"https:\/\/ipnote.pro\/worldwide\/services\/#breadcrumb\",\"itemListElement\":[{\"@type\":\"ListItem\",\"position\":1,\"name\":\"Home\",\"item\":\"https:\/\/ipnote.pro\/worldwide\/\"},{\"@type\":\"ListItem\",\"position\":2,\"name\":\"Services\"}]},{\"@type\":\"WebSite\",\"@id\":\"https:\/\/ipnote.pro\/worldwide\/#website\",\"url\":\"https:\/\/ipnote.pro\/worldwide\/\",\"name\":\"Worldwide\",\"description\":\"\",\"potentialAction\":[{\"@type\":\"SearchAction\",\"target\":{\"@type\":\"EntryPoint\",\"urlTemplate\":\"https:\/\/ipnote.pro\/worldwide\/?s={search_term_string}\"},\"query-input\":\"required name=search_term_string\"}],\"inLanguage\":\"pl-PL\"}]}<\/script>\n<!-- \/ Yoast SEO Premium plugin. -->","yoast_head_json":{"title":"Kompleksowe us\u0142ugi w zakresie w\u0142asno\u015bci intelektualnej dla globalnych firm na ca\u0142ym \u015bwiecie","description":"Oferujemy specjalistyczne us\u0142ugi z zakresu w\u0142asno\u015bci intelektualnej na ca\u0142ym \u015bwiecie, od patentowania po rejestracj\u0119 znak\u00f3w towarowych, dostosowane do ochrony Twojej firmy i nap\u0119dzania wzrostu na dowolnym rynku","robots":{"index":"index","follow":"follow","max-snippet":"max-snippet:-1","max-image-preview":"max-image-preview:large","max-video-preview":"max-video-preview:-1"},"canonical":"https:\/\/ipnote.pro\/worldwide\/pl\/services\/","og_locale":"pl_PL","og_type":"article","og_title":"Services","og_description":"Offering expert intellectual property services worldwide, from patenting to trademarking, tailored to protect your business and fuel growth in any market","og_url":"https:\/\/ipnote.pro\/worldwide\/pl\/services\/","og_site_name":"Worldwide","article_modified_time":"2024-11-25T12:14:27+00:00","twitter_card":"summary_large_image","schema":{"@context":"https:\/\/schema.org","@graph":[{"@type":"WebPage","@id":"https:\/\/ipnote.pro\/worldwide\/services\/","url":"https:\/\/ipnote.pro\/worldwide\/services\/","name":"Kompleksowe us\u0142ugi w zakresie w\u0142asno\u015bci intelektualnej dla globalnych firm na ca\u0142ym \u015bwiecie","isPartOf":{"@id":"https:\/\/ipnote.pro\/worldwide\/#website"},"datePublished":"2024-10-02T14:16:26+00:00","dateModified":"2024-11-25T12:14:27+00:00","description":"Oferujemy specjalistyczne us\u0142ugi z zakresu w\u0142asno\u015bci intelektualnej na ca\u0142ym \u015bwiecie, od patentowania po rejestracj\u0119 znak\u00f3w towarowych, dostosowane do ochrony Twojej firmy i nap\u0119dzania wzrostu na dowolnym rynku","breadcrumb":{"@id":"https:\/\/ipnote.pro\/worldwide\/services\/#breadcrumb"},"inLanguage":"pl-PL","potentialAction":[{"@type":"ReadAction","target":["https:\/\/ipnote.pro\/worldwide\/services\/"]}]},{"@type":"BreadcrumbList","@id":"https:\/\/ipnote.pro\/worldwide\/services\/#breadcrumb","itemListElement":[{"@type":"ListItem","position":1,"name":"Home","item":"https:\/\/ipnote.pro\/worldwide\/"},{"@type":"ListItem","position":2,"name":"Services"}]},{"@type":"WebSite","@id":"https:\/\/ipnote.pro\/worldwide\/#website","url":"https:\/\/ipnote.pro\/worldwide\/","name":"Na ca\u0142ym \u015bwiecie","description":"","potentialAction":[{"@type":"SearchAction","target":{"@type":"EntryPoint","urlTemplate":"https:\/\/ipnote.pro\/worldwide\/?s={search_term_string}"},"query-input":"required name=search_term_string"}],"inLanguage":"pl-PL"}]}},"_links":{"self":[{"href":"https:\/\/ipnote.pro\/worldwide\/pl\/wp-json\/wp\/v2\/pages\/38","targetHints":{"allow":["GET"]}}],"collection":[{"href":"https:\/\/ipnote.pro\/worldwide\/pl\/wp-json\/wp\/v2\/pages"}],"about":[{"href":"https:\/\/ipnote.pro\/worldwide\/pl\/wp-json\/wp\/v2\/types\/page"}],"author":[{"embeddable":true,"href":"https:\/\/ipnote.pro\/worldwide\/pl\/wp-json\/wp\/v2\/users\/16"}],"replies":[{"embeddable":true,"href":"https:\/\/ipnote.pro\/worldwide\/pl\/wp-json\/wp\/v2\/comments?post=38"}],"version-history":[{"count":6,"href":"https:\/\/ipnote.pro\/worldwide\/pl\/wp-json\/wp\/v2\/pages\/38\/revisions"}],"predecessor-version":[{"id":68,"href":"https:\/\/ipnote.pro\/worldwide\/pl\/wp-json\/wp\/v2\/pages\/38\/revisions\/68"}],"wp:attachment":[{"href":"https:\/\/ipnote.pro\/worldwide\/pl\/wp-json\/wp\/v2\/media?parent=38"}],"curies":[{"name":"wp","href":"https:\/\/api.w.org\/{rel}","templated":true}]}}