{"id":241,"date":"2021-11-11T15:04:00","date_gmt":"2021-11-11T10:04:00","guid":{"rendered":"https:\/\/ipnote.pro\/?page_id=241"},"modified":"2021-11-11T15:36:28","modified_gmt":"2021-11-11T10:36:28","slug":"12-easy-ways-to-save-money-on-ip","status":"publish","type":"page","link":"https:\/\/ipnote.pro\/pt\/12-easy-ways-to-save-money-on-ip\/","title":{"rendered":"12 maneiras f\u00e1ceis de economizar dinheiro em PI"},"content":{"rendered":"<h2>12 maneiras f\u00e1ceis de economizar dinheiro em PI<\/h2>\n<\/p>\n<h6>1. Registro de marca de cor na China para duas classes<\/h6>\n<p>O cliente trabalhou com o agente da Europa por muitos anos, ele comp\u00f4s $1.450.<\/p>\n<p>Os advogados, via iPNOTE, ofereceram de $358 a $1.050. O lucro do cliente foi de cerca de $1.092 (75%).<\/p>\n<h6>2. Respondendo a uma a\u00e7\u00e3o judicial por um design nos EUA Um advogado tinha s\u00f3cios nos EUA.<\/h6>\n<p>Ele precisava responder imediatamente \u00e0 A\u00e7\u00e3o do Escrit\u00f3rio para obter um design, pois era essencial que o cliente obtivesse a patente o mais r\u00e1pido poss\u00edvel. No entanto, os parceiros dos EUA estavam sobrecarregados e s\u00f3 conseguiram entreg\u00e1-lo em 2 meses.<\/p>\n<p>O advogado foi at\u00e9 a iPNOTE e fechou o neg\u00f3cio em uma semana com um pre\u00e7o quase similar.<\/p>\n<h6>3. Manuten\u00e7\u00e3o no Brasil<\/h6>\n<p>O cliente precisava manter uma patente e procurou o advogado com quem j\u00e1 havia trabalhado no processo. O advogado redigiu o formul\u00e1rio $280. Era caro para um servi\u00e7o formal t\u00e3o simples, ent\u00e3o ele decidiu procurar alternativas mais baratas.<\/p>\n<p>No dia seguinte, ele solicitou propostas aos advogados da iPNOTE, e descobriu-se que um escrit\u00f3rio de advocacia especializado em propriedade intelectual no Rio de Janeiro estava disposto a faz\u00ea-lo por $180, incluindo honor\u00e1rios oficiais. O lucro do cliente foi de $100 (36%).<\/p>\n<h6>4. Concess\u00e3o de patentes na Austr\u00e1lia<\/h6>\n<p>O cliente teve dificuldades para obter a aprova\u00e7\u00e3o da patente junto ao AusPat (Escrit\u00f3rio Australiano de Patentes). Ele recebeu duas a\u00e7\u00f5es judiciais e precisou desembolsar muitos recursos para o pedido. Portanto, ele queria minimizar os custos restantes. O mesmo agente da Europa cobraria $1.121 pela concess\u00e3o, o que \u00e9 um valor bastante alto.<\/p>\n<p>Em seguida, o cliente solicitou or\u00e7amentos \u00e0 iPNOTE Solicitors. A faixa de pre\u00e7o variou de $400 a $1.000. Por fim, ele escolheu o escrit\u00f3rio de Sydney que poderia realizar o trabalho imediatamente. Eles pediram 500$, incluindo os honor\u00e1rios oficiais. O cliente economizou $621 (55%) e seu tempo.<\/p>\n<h6>5. Respondendo \u00e0 A\u00e7\u00e3o do Escrit\u00f3rio na China<\/h6>\n<p>O cliente tinha parceiros chineses e trabalhou com eles por muitos anos. O cliente recebeu duas respostas, mas cada uma delas valia cerca de \u20ac 3.665.<\/p>\n<p>Enquanto isso, o cliente criou uma tarefa no iPNOTE para comparar os pre\u00e7os entre advogados. Ele descobriu que a oferta total de um advogado era de \u20ac 661. O cliente come\u00e7ou a trabalhar com os advogados via iPNOTE, mas, se tivesse come\u00e7ado a usar a plataforma iPNOTE antes, teria economizado quase \u20ac 6.000.<\/p>\n<h6>6. Valida\u00e7\u00e3o na Europa<\/h6>\n<p>O cliente procurava um advogado para valida\u00e7\u00e3o em 25 pa\u00edses. O advogado europeu desembolsou $42.120 pela tarefa.<\/p>\n<p>Era um valor consider\u00e1vel para o cliente, e por isso ele recorreu \u00e0 iPNOTE para encontrar um advogado profissional com um pre\u00e7o razo\u00e1vel. O valor do advogado da iPNOTE foi de $29.897. O lucro do cliente foi de $12.223 (29%).<\/p>\n<h6>7. Entrada na fase nacional\/regional em 9 pa\u00edses\/regi\u00f5es<\/h6>\n<p>O cliente precisa entrar na fase nacional\/regional em 9 pa\u00edses\/regi\u00f5es, incluindo taxas oficiais, solicita\u00e7\u00e3o de exame, tradu\u00e7\u00f5es e procura\u00e7\u00e3o. O agente europeu apresentou uma oferta de \u20ac 38.600 (um dos agentes mais honestos).<\/p>\n<p>O pre\u00e7o total dos sete novos advogados de patentes diretos via iPNOTE foi de \u20ac 25.047. O lucro do cliente foi de \u20ac 13.553 (35%).<\/p>\n<h6>8. Outros servi\u00e7os (Registro de Atribui\u00e7\u00e3o) no Reino Unido<\/h6>\n<p>O advogado precisava alterar os titulares de uma marca registrada perante o UKIPO. No entanto, era dif\u00edcil encontrar um profissional em seu escrit\u00f3rio de advocacia, pois estava sobrecarregado de processos.<\/p>\n<p>Por esse motivo, ele se inscreveu na plataforma iPNOTE e encontrou um advogado no Reino Unido em poucos cliques por apenas \u00a3 296.<\/p>\n<h6>9. Aplica\u00e7\u00e3o PCT para fase nacional na R\u00fassia<\/h6>\n<p>O agente comp\u00f4s uma oferta de cerca de $8.500 para o dep\u00f3sito de fase nacional PCT de uma sequ\u00eancia de nucleot\u00eddeos na R\u00fassia.<\/p>\n<p>O cliente n\u00e3o tinha condi\u00e7\u00f5es financeiras e come\u00e7ou a usar o iPNOTE, onde encontrou um advogado russo que cuidou dessa necessidade por $6.000. O lucro do cliente foi de $2.500 (29%).<\/p>\n<h6>10. Registro de marca registrada na It\u00e1lia<\/h6>\n<p>O cliente procurava um advogado italiano para registrar uma marca. O prazo para o registro estava se aproximando, mas ele n\u00e3o conseguia encontrar a op\u00e7\u00e3o mais adequada.<\/p>\n<p>Ele usou o iPNOTE e encontrou um advogado italiano que oferecia servi\u00e7os de alta qualidade com um bom valor de \u20ac 690.<\/p>\n<h6>11. Manuten\u00e7\u00e3o no Canad\u00e1<\/h6>\n<p>O cliente precisava manter uma patente no Canad\u00e1 e havia contratado alguns provedores para o caso: uma empresa de propriedade intelectual comp\u00f4s $427. Um software especializado produziu cerca de $254.<\/p>\n<p>No entanto, o advogado do iPNOTE ofereceu apenas $211 para a tarefa. Portanto, o cliente escolheu o iPNOTE como plataforma para encontrar profissionais de PI com pre\u00e7os competitivos.<\/p>\n<h6>12. Respondendo ao OA na Coreia do Sul<\/h6>\n<p>O cliente obteve uma A\u00e7\u00e3o de Escrit\u00f3rio do KIPO (Escrit\u00f3rio Coreano de Propriedade Intelectual) e recebeu uma oferta do agente por $960.<\/p>\n<p>Sabendo que o prazo se aproximava, ele perguntou ao gerente da iPNOTE se havia alguma solu\u00e7\u00e3o. O gerente o ajudou a solicitar uma proposta aos advogados registrados, e a mais barata foi $498. Assim, o registro foi conclu\u00eddo rapidamente, assim como o neg\u00f3cio foi bem-sucedido. O lucro do cliente foi de $462 (48%).<\/p>","protected":false},"excerpt":{"rendered":"<p>12 easy ways to save money on IP 1. Filing a color trademark in China for two classes The client has worked with the agent from Europe for many years, he composed $1,450. The attorneys via iPNOTE offered from $358 to $1,050. The client\u2019s profit was about $1,092 (75%). 2. Responding to Office Action for [&hellip;]<\/p>","protected":false},"author":1,"featured_media":0,"parent":0,"menu_order":0,"comment_status":"closed","ping_status":"closed","template":"","meta":{"_acf_changed":false,"content-type":"","inline_featured_image":false,"footnotes":""},"class_list":["post-241","page","type-page","status-publish","hentry"],"acf":[],"yoast_head":"<!-- This site is optimized with the Yoast SEO Premium plugin v20.8 (Yoast SEO v20.11) - https:\/\/yoast.com\/wordpress\/plugins\/seo\/ -->\n<title>12 easy ways to save money on IP - iPNOTE \u2013 worldwide patent and trademark registration<\/title>\n<meta name=\"robots\" content=\"index, follow, max-snippet:-1, max-image-preview:large, max-video-preview:-1\" \/>\n<link rel=\"canonical\" href=\"https:\/\/ipnote.pro\/pt\/12-easy-ways-to-save-money-on-ip\/\" \/>\n<meta property=\"og:locale\" content=\"pt_PT\" \/>\n<meta property=\"og:type\" content=\"article\" \/>\n<meta property=\"og:title\" content=\"12 easy ways to save money on IP - iPNOTE \u2013 worldwide patent and trademark registration\" \/>\n<meta property=\"og:description\" content=\"12 easy ways to save money on IP 1. Filing a color trademark in China for two classes The client has worked with the agent from Europe for many years, he composed $1,450. The attorneys via iPNOTE offered from $358 to $1,050. The client\u2019s profit was about $1,092 (75%). 2. Responding to Office Action for [&hellip;]\" \/>\n<meta property=\"og:url\" content=\"https:\/\/ipnote.pro\/pt\/12-easy-ways-to-save-money-on-ip\/\" \/>\n<meta property=\"og:site_name\" content=\"iPNOTE \u2013 worldwide patent and trademark registration\" \/>\n<meta property=\"article:modified_time\" content=\"2021-11-11T10:36:28+00:00\" \/>\n<meta property=\"og:image\" content=\"https:\/\/ipnote.pro\/wp-content\/uploads\/2024\/07\/img_8892.png\" \/>\n\t<meta property=\"og:image:width\" content=\"1200\" \/>\n\t<meta property=\"og:image:height\" content=\"628\" \/>\n\t<meta property=\"og:image:type\" content=\"image\/png\" \/>\n<meta name=\"twitter:card\" content=\"summary_large_image\" \/>\n<meta name=\"twitter:label1\" content=\"Tempo estimado de leitura\" \/>\n\t<meta name=\"twitter:data1\" content=\"4 minutos\" \/>\n<script type=\"application\/ld+json\" class=\"yoast-schema-graph\">{\"@context\":\"https:\/\/schema.org\",\"@graph\":[{\"@type\":\"WebPage\",\"@id\":\"https:\/\/ipnote.pro\/12-easy-ways-to-save-money-on-ip\/\",\"url\":\"https:\/\/ipnote.pro\/12-easy-ways-to-save-money-on-ip\/\",\"name\":\"12 easy ways to save money on IP - iPNOTE \u2013 worldwide patent and trademark registration\",\"isPartOf\":{\"@id\":\"https:\/\/ipnote.pro\/#website\"},\"datePublished\":\"2021-11-11T10:04:00+00:00\",\"dateModified\":\"2021-11-11T10:36:28+00:00\",\"inLanguage\":\"pt-PT\",\"potentialAction\":[{\"@type\":\"ReadAction\",\"target\":[\"https:\/\/ipnote.pro\/12-easy-ways-to-save-money-on-ip\/\"]}]},{\"@type\":\"WebSite\",\"@id\":\"https:\/\/ipnote.pro\/#website\",\"url\":\"https:\/\/ipnote.pro\/\",\"name\":\"iPNOTE \u2013 worldwide patent and trademark registration\",\"description\":\"\",\"publisher\":{\"@id\":\"https:\/\/ipnote.pro\/#organization\"},\"potentialAction\":[{\"@type\":\"SearchAction\",\"target\":{\"@type\":\"EntryPoint\",\"urlTemplate\":\"https:\/\/ipnote.pro\/?s={search_term_string}\"},\"query-input\":\"required name=search_term_string\"}],\"inLanguage\":\"pt-PT\"},{\"@type\":\"Organization\",\"@id\":\"https:\/\/ipnote.pro\/#organization\",\"name\":\"iPNOTE \u2013 worldwide patent and trademark registration\",\"url\":\"https:\/\/ipnote.pro\/\",\"logo\":{\"@type\":\"ImageObject\",\"inLanguage\":\"pt-PT\",\"@id\":\"https:\/\/ipnote.pro\/#\/schema\/logo\/image\/\",\"url\":\"https:\/\/ipnote.pro\/wp-content\/uploads\/2024\/07\/img_8892.png\",\"contentUrl\":\"https:\/\/ipnote.pro\/wp-content\/uploads\/2024\/07\/img_8892.png\",\"width\":1200,\"height\":628,\"caption\":\"iPNOTE \u2013 worldwide patent and trademark registration\"},\"image\":{\"@id\":\"https:\/\/ipnote.pro\/#\/schema\/logo\/image\/\"},\"sameAs\":[\"https:\/\/www.linkedin.com\/company\/ipnote\",\"https:\/\/www.crunchbase.com\/organization\/ipnote\"]}]}<\/script>\n<!-- \/ Yoast SEO Premium plugin. -->","yoast_head_json":{"title":"12 maneiras f\u00e1ceis de economizar dinheiro em PI - iPNOTE \u2013 registro mundial de patentes e marcas registradas","robots":{"index":"index","follow":"follow","max-snippet":"max-snippet:-1","max-image-preview":"max-image-preview:large","max-video-preview":"max-video-preview:-1"},"canonical":"https:\/\/ipnote.pro\/pt\/12-easy-ways-to-save-money-on-ip\/","og_locale":"pt_PT","og_type":"article","og_title":"12 easy ways to save money on IP - iPNOTE \u2013 worldwide patent and trademark registration","og_description":"12 easy ways to save money on IP 1. Filing a color trademark in China for two classes The client has worked with the agent from Europe for many years, he composed $1,450. The attorneys via iPNOTE offered from $358 to $1,050. The client\u2019s profit was about $1,092 (75%). 2. Responding to Office Action for [&hellip;]","og_url":"https:\/\/ipnote.pro\/pt\/12-easy-ways-to-save-money-on-ip\/","og_site_name":"iPNOTE \u2013 worldwide patent and trademark registration","article_modified_time":"2021-11-11T10:36:28+00:00","og_image":[{"width":1200,"height":628,"url":"https:\/\/ipnote.pro\/wp-content\/uploads\/2024\/07\/img_8892.png","type":"image\/png"}],"twitter_card":"summary_large_image","twitter_misc":{"Tempo estimado de leitura":"4 minutos"},"schema":{"@context":"https:\/\/schema.org","@graph":[{"@type":"WebPage","@id":"https:\/\/ipnote.pro\/12-easy-ways-to-save-money-on-ip\/","url":"https:\/\/ipnote.pro\/12-easy-ways-to-save-money-on-ip\/","name":"12 maneiras f\u00e1ceis de economizar dinheiro em PI - iPNOTE \u2013 registro mundial de patentes e marcas registradas","isPartOf":{"@id":"https:\/\/ipnote.pro\/#website"},"datePublished":"2021-11-11T10:04:00+00:00","dateModified":"2021-11-11T10:36:28+00:00","inLanguage":"pt-PT","potentialAction":[{"@type":"ReadAction","target":["https:\/\/ipnote.pro\/12-easy-ways-to-save-money-on-ip\/"]}]},{"@type":"WebSite","@id":"https:\/\/ipnote.pro\/#website","url":"https:\/\/ipnote.pro\/","name":"iPNOTE \u2013 registro mundial de patentes e marcas registradas","description":"","publisher":{"@id":"https:\/\/ipnote.pro\/#organization"},"potentialAction":[{"@type":"SearchAction","target":{"@type":"EntryPoint","urlTemplate":"https:\/\/ipnote.pro\/?s={search_term_string}"},"query-input":"required name=search_term_string"}],"inLanguage":"pt-PT"},{"@type":"Organization","@id":"https:\/\/ipnote.pro\/#organization","name":"iPNOTE \u2013 registro mundial de patentes e marcas registradas","url":"https:\/\/ipnote.pro\/","logo":{"@type":"ImageObject","inLanguage":"pt-PT","@id":"https:\/\/ipnote.pro\/#\/schema\/logo\/image\/","url":"https:\/\/ipnote.pro\/wp-content\/uploads\/2024\/07\/img_8892.png","contentUrl":"https:\/\/ipnote.pro\/wp-content\/uploads\/2024\/07\/img_8892.png","width":1200,"height":628,"caption":"iPNOTE \u2013 worldwide patent and trademark registration"},"image":{"@id":"https:\/\/ipnote.pro\/#\/schema\/logo\/image\/"},"sameAs":["https:\/\/www.linkedin.com\/company\/ipnote","https:\/\/www.crunchbase.com\/organization\/ipnote"]}]}},"_links":{"self":[{"href":"https:\/\/ipnote.pro\/pt\/wp-json\/wp\/v2\/pages\/241","targetHints":{"allow":["GET"]}}],"collection":[{"href":"https:\/\/ipnote.pro\/pt\/wp-json\/wp\/v2\/pages"}],"about":[{"href":"https:\/\/ipnote.pro\/pt\/wp-json\/wp\/v2\/types\/page"}],"author":[{"embeddable":true,"href":"https:\/\/ipnote.pro\/pt\/wp-json\/wp\/v2\/users\/1"}],"replies":[{"embeddable":true,"href":"https:\/\/ipnote.pro\/pt\/wp-json\/wp\/v2\/comments?post=241"}],"version-history":[{"count":8,"href":"https:\/\/ipnote.pro\/pt\/wp-json\/wp\/v2\/pages\/241\/revisions"}],"predecessor-version":[{"id":250,"href":"https:\/\/ipnote.pro\/pt\/wp-json\/wp\/v2\/pages\/241\/revisions\/250"}],"wp:attachment":[{"href":"https:\/\/ipnote.pro\/pt\/wp-json\/wp\/v2\/media?parent=241"}],"curies":[{"name":"wp","href":"https:\/\/api.w.org\/{rel}","templated":true}]}}