{"id":241,"date":"2021-11-11T15:04:00","date_gmt":"2021-11-11T10:04:00","guid":{"rendered":"https:\/\/ipnote.pro\/?page_id=241"},"modified":"2021-11-11T15:36:28","modified_gmt":"2021-11-11T10:36:28","slug":"12-easy-ways-to-save-money-on-ip","status":"publish","type":"page","link":"https:\/\/ipnote.pro\/pl\/12-easy-ways-to-save-money-on-ip\/","title":{"rendered":"12 prostych sposob\u00f3w na oszcz\u0119dzanie pieni\u0119dzy na IP"},"content":{"rendered":"<h2>12 prostych sposob\u00f3w na oszcz\u0119dzanie pieni\u0119dzy na IP<\/h2>\n<\/p>\n<h6>1. Z\u0142o\u017cenie wniosku o rejestracj\u0119 znaku towarowego koloru w Chinach dla dw\u00f3ch klas<\/h6>\n<p>Klient od wielu lat wsp\u00f3\u0142pracuje z agentem z Europy, skompilowa\u0142 kwot\u0119 $1,450.<\/p>\n<p>Adwokaci za po\u015brednictwem iPNOTE zaoferowali kwot\u0119 od $358 do $1050. Zysk klienta wyni\u00f3s\u0142 oko\u0142o $1092 (75%).<\/p>\n<h6>2. Odpowied\u017a na dzia\u0142ania Urz\u0119du dotycz\u0105ce wzoru w USA Pewien prawnik mia\u0142 wsp\u00f3lnik\u00f3w w USA.<\/h6>\n<p>Musia\u0142 natychmiast zareagowa\u0107 na wniosek Urz\u0119du o patent, poniewa\u017c klientowi zale\u017ca\u0142o na jak najszybszym uzyskaniu patentu. Jednak partnerzy ze Stan\u00f3w Zjednoczonych byli przeci\u0105\u017ceni prac\u0105 i mogli go dostarczy\u0107 dopiero w ci\u0105gu dw\u00f3ch miesi\u0119cy.<\/p>\n<p>Prawnik zg\u0142osi\u0142 si\u0119 do iPNOTE i w ci\u0105gu tygodnia sfinalizowa\u0142 transakcj\u0119 za niemal identyczn\u0105 cen\u0119.<\/p>\n<h6>3. Konserwacja w Brazylii<\/h6>\n<p>Klient potrzebowa\u0142 utrzyma\u0107 patent i zwr\u00f3ci\u0142 si\u0119 do prawnika, z kt\u00f3rym wcze\u015bniej wsp\u00f3\u0142pracowa\u0142 przy jego sk\u0142adaniu. Prawnik sporz\u0105dzi\u0142 formularz $280. By\u0142 on drogi jak na tak prost\u0105 formaln\u0105 us\u0142ug\u0119, wi\u0119c postanowi\u0142 poszuka\u0107 ta\u0144szych alternatyw.<\/p>\n<p>Nast\u0119pnego dnia zwr\u00f3ci\u0142 si\u0119 o oferty do prawnik\u00f3w iPNOTE i okaza\u0142o si\u0119, \u017ce kancelaria specjalizuj\u0105ca si\u0119 w prawie w\u0142asno\u015bci intelektualnej w Rio de Janeiro jest gotowa podj\u0105\u0107 si\u0119 tego zadania za kwot\u0119 $180, wliczaj\u0105c w to honorarium. Zysk klienta wyni\u00f3s\u0142 $100 (36%).<\/p>\n<h6>4. Udzielanie patent\u00f3w w Australii<\/h6>\n<p>Klient mia\u0142 trudno\u015bci z uzyskaniem zgody na patent od AusPat (Australijskiego Urz\u0119du Patentowego). Otrzyma\u0142 2 pozwy i musia\u0142 przeznaczy\u0107 du\u017co \u015brodk\u00f3w na ten wniosek. Chcia\u0142 wi\u0119c zminimalizowa\u0107 pozosta\u0142e koszty. Ten sam agent z Europy pobra\u0142by $1,121 za udzielenie patentu, co jest kwot\u0105 wystarczaj\u0105co wysok\u0105.<\/p>\n<p>Nast\u0119pnie klient poprosi\u0142 prawnik\u00f3w iPNOTE o wyceny. Przedzia\u0142 cenowy waha\u0142 si\u0119 od $400 do $1000. Ostatecznie wybra\u0142 kancelari\u0119 z Sydney, kt\u00f3ra mog\u0142a wykona\u0107 zlecenie od r\u0119ki. Za\u017c\u0105dali oni 500$ z uwzgl\u0119dnieniem op\u0142aty urz\u0119dowej. Klient zaoszcz\u0119dzi\u0142 $621 (55%) i sw\u00f3j czas.<\/p>\n<h6>5. Reagowanie na dzia\u0142ania urz\u0119du w Chinach<\/h6>\n<p>Klient mia\u0142 chi\u0144skich partner\u00f3w i wsp\u00f3\u0142pracowa\u0142 z nimi przez wiele lat. Otrzyma\u0142 2 odpowiedzi, ale ka\u017cda z nich opiewa\u0142a na kwot\u0119 oko\u0142o 3665 euro.<\/p>\n<p>W mi\u0119dzyczasie klient utworzy\u0142 zadanie w iPNOTE, aby por\u00f3wna\u0107 ceny prawnik\u00f3w. Dowiedzia\u0142 si\u0119, \u017ce \u0142\u0105czna oferta jednego prawnika wynios\u0142a 661 euro. Klient rozpocz\u0105\u0142 wsp\u00f3\u0142prac\u0119 z prawnikami za po\u015brednictwem iPNOTE, ale gdyby zacz\u0105\u0142 korzysta\u0107 z platformy iPNOTE wcze\u015bniej, zaoszcz\u0119dzi\u0142by prawie 6000 euro.<\/p>\n<h6>6. Walidacja w Europie<\/h6>\n<p>Klient poszukiwa\u0142 prawnika do walidacji w 25 krajach. Prawnik europejski wyceni\u0142 to zadanie na kwot\u0119 $42,120.<\/p>\n<p>Dla klienta by\u0142a to ca\u0142kiem spora kwota, dlatego zwr\u00f3ci\u0142 si\u0119 do iPNOTE, aby znale\u017a\u0107 profesjonalnego prawnika w rozs\u0105dnej cenie. Prawnik za po\u015brednictwem iPNOTE uzyska\u0142 $29 897. Zysk klienta wyni\u00f3s\u0142 $12 223 (29%).<\/p>\n<h6>7. Wej\u015bcie do fazy krajowej\/regionalnej w 9 krajach\/regionach<\/h6>\n<p>Klient musi przej\u015b\u0107 etap krajowy\/regionalny w 9 krajach\/regionach, wliczaj\u0105c w to op\u0142aty urz\u0119dowe, wniosek o weryfikacj\u0119, t\u0142umaczenia i pe\u0142nomocnictwo. Agent europejski z\u0142o\u017cy\u0142 ofert\u0119 na 38 600 euro (jeden z najuczciwszych agent\u00f3w).<\/p>\n<p>\u0141\u0105czna kwota zap\u0142acona przez siedmiu nowych rzecznik\u00f3w patentowych za po\u015brednictwem iPNOTE wynios\u0142a 25 047 euro. Zysk klienta wyni\u00f3s\u0142 13 553 euro (35%).<\/p>\n<h6>8. Inne us\u0142ugi (Rejestracja cesji) w Wielkiej Brytanii<\/h6>\n<p>Adwokat musia\u0142 dokona\u0107 zmiany w\u0142a\u015bciciela znaku towarowego przed UKIPO. Jednak znalezienie profesjonalisty w jego kancelarii by\u0142o trudne, poniewa\u017c by\u0142a ona przeci\u0105\u017cona sprawami.<\/p>\n<p>W tym celu z\u0142o\u017cy\u0142 wniosek na platformie iPNOTE i w ci\u0105gu kilku klikni\u0119\u0107 znalaz\u0142 prawnika w Wielkiej Brytanii za jedyne 296 funt\u00f3w.<\/p>\n<h6>9. Wniosek PCT o faz\u0119 krajow\u0105 w Rosji<\/h6>\n<p>Agent z\u0142o\u017cy\u0142 ofert\u0119 na kwot\u0119 oko\u0142o $8,500 za z\u0142o\u017cenie wniosku o krajowe badanie PCT sekwencji nukleotydowej w Rosji.<\/p>\n<p>Klient nie by\u0142 w stanie sobie na to pozwoli\u0107 i zacz\u0105\u0142 korzysta\u0107 z iPNOTE, gdzie znalaz\u0142 rosyjskiego prawnika, kt\u00f3ry zaj\u0105\u0142 si\u0119 tym \u017c\u0105daniem za kwot\u0119 $6000. Zysk klienta wyni\u00f3s\u0142 $2500 (29%).<\/p>\n<h6>10. Zg\u0142oszenie znaku towarowego we W\u0142oszech<\/h6>\n<p>Klient poszukiwa\u0142 w\u0142oskiego prawnika do z\u0142o\u017cenia wniosku o rejestracj\u0119 znaku towarowego. Termin sk\u0142adania wniosk\u00f3w zbli\u017ca\u0142 si\u0119, ale nie m\u00f3g\u0142 znale\u017a\u0107 najbardziej odpowiedniej opcji.<\/p>\n<p>Skorzysta\u0142 z iPNOTE i znalaz\u0142 w\u0142oskiego prawnika, kt\u00f3ry zapewni\u0142 mu wysokiej jako\u015bci us\u0142ugi w dobrej cenie 690 euro.<\/p>\n<h6>11. Konserwacja w Kanadzie<\/h6>\n<p>Klient potrzebowa\u0142 zachowa\u0107 patent w Kanadzie i skorzysta\u0142 z us\u0142ug kilku dostawc\u00f3w w tej sprawie: firmy zajmuj\u0105cej si\u0119 w\u0142asno\u015bci\u0105 intelektualn\u0105, kt\u00f3ra opracowa\u0142a patent $427. Specjalistyczne oprogramowanie dostarczy\u0142o patent $254.<\/p>\n<p>Jednak prawnik na iPNOTE zaoferowa\u0142 jedynie numer $211 do tego zadania. Dlatego klient wybra\u0142 iPNOTE jako platform\u0119 do wyszukiwania specjalist\u00f3w ds. w\u0142asno\u015bci intelektualnej w konkurencyjnych cenach.<\/p>\n<h6>12. Reagowanie na OA w Korei Po\u0142udniowej<\/h6>\n<p>Klient otrzyma\u0142 pozew s\u0105dowy od KIPO (Korean IP Office) i otrzyma\u0142 ofert\u0119 od agenta na kwot\u0119 $960.<\/p>\n<p>Wiedz\u0105c, \u017ce termin zbli\u017ca si\u0119 wielkimi krokami, zapyta\u0142 mened\u017cera iPNOTE, czy istniej\u0105 jakie\u015b rozwi\u0105zania. Mened\u017cer pom\u00f3g\u0142 mu uzyska\u0107 ofert\u0119 od zarejestrowanych prawnik\u00f3w, a najta\u0144sza brzmia\u0142a $498. W ten spos\u00f3b szybka rejestracja i pomy\u015blne zawarcie transakcji zosta\u0142y zrealizowane. Zysk klienta wyni\u00f3s\u0142 $462 (48%).<\/p>","protected":false},"excerpt":{"rendered":"<p>12 easy ways to save money on IP 1. Filing a color trademark in China for two classes The client has worked with the agent from Europe for many years, he composed $1,450. The attorneys via iPNOTE offered from $358 to $1,050. The client\u2019s profit was about $1,092 (75%). 2. Responding to Office Action for [&hellip;]<\/p>","protected":false},"author":1,"featured_media":0,"parent":0,"menu_order":0,"comment_status":"closed","ping_status":"closed","template":"","meta":{"_acf_changed":false,"content-type":"","inline_featured_image":false,"footnotes":""},"class_list":["post-241","page","type-page","status-publish","hentry"],"acf":[],"yoast_head":"<!-- This site is optimized with the Yoast SEO Premium plugin v20.8 (Yoast SEO v20.11) - https:\/\/yoast.com\/wordpress\/plugins\/seo\/ -->\n<title>12 easy ways to save money on IP - iPNOTE \u2013 worldwide patent and trademark registration<\/title>\n<meta name=\"robots\" content=\"index, follow, max-snippet:-1, max-image-preview:large, max-video-preview:-1\" \/>\n<link rel=\"canonical\" href=\"https:\/\/ipnote.pro\/pl\/12-easy-ways-to-save-money-on-ip\/\" \/>\n<meta property=\"og:locale\" content=\"pl_PL\" \/>\n<meta property=\"og:type\" content=\"article\" \/>\n<meta property=\"og:title\" content=\"12 easy ways to save money on IP - iPNOTE \u2013 worldwide patent and trademark registration\" \/>\n<meta property=\"og:description\" content=\"12 easy ways to save money on IP 1. Filing a color trademark in China for two classes The client has worked with the agent from Europe for many years, he composed $1,450. The attorneys via iPNOTE offered from $358 to $1,050. The client\u2019s profit was about $1,092 (75%). 2. Responding to Office Action for [&hellip;]\" \/>\n<meta property=\"og:url\" content=\"https:\/\/ipnote.pro\/pl\/12-easy-ways-to-save-money-on-ip\/\" \/>\n<meta property=\"og:site_name\" content=\"iPNOTE \u2013 worldwide patent and trademark registration\" \/>\n<meta property=\"article:modified_time\" content=\"2021-11-11T10:36:28+00:00\" \/>\n<meta property=\"og:image\" content=\"https:\/\/ipnote.pro\/wp-content\/uploads\/2024\/07\/img_8892.png\" \/>\n\t<meta property=\"og:image:width\" content=\"1200\" \/>\n\t<meta property=\"og:image:height\" content=\"628\" \/>\n\t<meta property=\"og:image:type\" content=\"image\/png\" \/>\n<meta name=\"twitter:card\" content=\"summary_large_image\" \/>\n<meta name=\"twitter:label1\" content=\"Szacowany czas czytania\" \/>\n\t<meta name=\"twitter:data1\" content=\"4 minuty\" \/>\n<script type=\"application\/ld+json\" class=\"yoast-schema-graph\">{\"@context\":\"https:\/\/schema.org\",\"@graph\":[{\"@type\":\"WebPage\",\"@id\":\"https:\/\/ipnote.pro\/12-easy-ways-to-save-money-on-ip\/\",\"url\":\"https:\/\/ipnote.pro\/12-easy-ways-to-save-money-on-ip\/\",\"name\":\"12 easy ways to save money on IP - iPNOTE \u2013 worldwide patent and trademark registration\",\"isPartOf\":{\"@id\":\"https:\/\/ipnote.pro\/#website\"},\"datePublished\":\"2021-11-11T10:04:00+00:00\",\"dateModified\":\"2021-11-11T10:36:28+00:00\",\"inLanguage\":\"pl-PL\",\"potentialAction\":[{\"@type\":\"ReadAction\",\"target\":[\"https:\/\/ipnote.pro\/12-easy-ways-to-save-money-on-ip\/\"]}]},{\"@type\":\"WebSite\",\"@id\":\"https:\/\/ipnote.pro\/#website\",\"url\":\"https:\/\/ipnote.pro\/\",\"name\":\"iPNOTE \u2013 worldwide patent and trademark registration\",\"description\":\"\",\"publisher\":{\"@id\":\"https:\/\/ipnote.pro\/#organization\"},\"potentialAction\":[{\"@type\":\"SearchAction\",\"target\":{\"@type\":\"EntryPoint\",\"urlTemplate\":\"https:\/\/ipnote.pro\/?s={search_term_string}\"},\"query-input\":\"required name=search_term_string\"}],\"inLanguage\":\"pl-PL\"},{\"@type\":\"Organization\",\"@id\":\"https:\/\/ipnote.pro\/#organization\",\"name\":\"iPNOTE \u2013 worldwide patent and trademark registration\",\"url\":\"https:\/\/ipnote.pro\/\",\"logo\":{\"@type\":\"ImageObject\",\"inLanguage\":\"pl-PL\",\"@id\":\"https:\/\/ipnote.pro\/#\/schema\/logo\/image\/\",\"url\":\"https:\/\/ipnote.pro\/wp-content\/uploads\/2024\/07\/img_8892.png\",\"contentUrl\":\"https:\/\/ipnote.pro\/wp-content\/uploads\/2024\/07\/img_8892.png\",\"width\":1200,\"height\":628,\"caption\":\"iPNOTE \u2013 worldwide patent and trademark registration\"},\"image\":{\"@id\":\"https:\/\/ipnote.pro\/#\/schema\/logo\/image\/\"},\"sameAs\":[\"https:\/\/www.linkedin.com\/company\/ipnote\",\"https:\/\/www.crunchbase.com\/organization\/ipnote\"]}]}<\/script>\n<!-- \/ Yoast SEO Premium plugin. -->","yoast_head_json":{"title":"12 prostych sposob\u00f3w na oszcz\u0119dzanie pieni\u0119dzy na w\u0142asno\u015bci intelektualnej - iPNOTE \u2013 \u015bwiatowa rejestracja patent\u00f3w i znak\u00f3w towarowych","robots":{"index":"index","follow":"follow","max-snippet":"max-snippet:-1","max-image-preview":"max-image-preview:large","max-video-preview":"max-video-preview:-1"},"canonical":"https:\/\/ipnote.pro\/pl\/12-easy-ways-to-save-money-on-ip\/","og_locale":"pl_PL","og_type":"article","og_title":"12 easy ways to save money on IP - iPNOTE \u2013 worldwide patent and trademark registration","og_description":"12 easy ways to save money on IP 1. Filing a color trademark in China for two classes The client has worked with the agent from Europe for many years, he composed $1,450. The attorneys via iPNOTE offered from $358 to $1,050. The client\u2019s profit was about $1,092 (75%). 2. Responding to Office Action for [&hellip;]","og_url":"https:\/\/ipnote.pro\/pl\/12-easy-ways-to-save-money-on-ip\/","og_site_name":"iPNOTE \u2013 worldwide patent and trademark registration","article_modified_time":"2021-11-11T10:36:28+00:00","og_image":[{"width":1200,"height":628,"url":"https:\/\/ipnote.pro\/wp-content\/uploads\/2024\/07\/img_8892.png","type":"image\/png"}],"twitter_card":"summary_large_image","twitter_misc":{"Szacowany czas czytania":"4 minuty"},"schema":{"@context":"https:\/\/schema.org","@graph":[{"@type":"WebPage","@id":"https:\/\/ipnote.pro\/12-easy-ways-to-save-money-on-ip\/","url":"https:\/\/ipnote.pro\/12-easy-ways-to-save-money-on-ip\/","name":"12 prostych sposob\u00f3w na oszcz\u0119dzanie pieni\u0119dzy na w\u0142asno\u015bci intelektualnej - iPNOTE \u2013 \u015bwiatowa rejestracja patent\u00f3w i znak\u00f3w towarowych","isPartOf":{"@id":"https:\/\/ipnote.pro\/#website"},"datePublished":"2021-11-11T10:04:00+00:00","dateModified":"2021-11-11T10:36:28+00:00","inLanguage":"pl-PL","potentialAction":[{"@type":"ReadAction","target":["https:\/\/ipnote.pro\/12-easy-ways-to-save-money-on-ip\/"]}]},{"@type":"WebSite","@id":"https:\/\/ipnote.pro\/#website","url":"https:\/\/ipnote.pro\/","name":"iPNOTE \u2013 \u015bwiatowa rejestracja patent\u00f3w i znak\u00f3w towarowych","description":"","publisher":{"@id":"https:\/\/ipnote.pro\/#organization"},"potentialAction":[{"@type":"SearchAction","target":{"@type":"EntryPoint","urlTemplate":"https:\/\/ipnote.pro\/?s={search_term_string}"},"query-input":"required name=search_term_string"}],"inLanguage":"pl-PL"},{"@type":"Organization","@id":"https:\/\/ipnote.pro\/#organization","name":"iPNOTE \u2013 \u015bwiatowa rejestracja patent\u00f3w i znak\u00f3w towarowych","url":"https:\/\/ipnote.pro\/","logo":{"@type":"ImageObject","inLanguage":"pl-PL","@id":"https:\/\/ipnote.pro\/#\/schema\/logo\/image\/","url":"https:\/\/ipnote.pro\/wp-content\/uploads\/2024\/07\/img_8892.png","contentUrl":"https:\/\/ipnote.pro\/wp-content\/uploads\/2024\/07\/img_8892.png","width":1200,"height":628,"caption":"iPNOTE \u2013 worldwide patent and trademark registration"},"image":{"@id":"https:\/\/ipnote.pro\/#\/schema\/logo\/image\/"},"sameAs":["https:\/\/www.linkedin.com\/company\/ipnote","https:\/\/www.crunchbase.com\/organization\/ipnote"]}]}},"_links":{"self":[{"href":"https:\/\/ipnote.pro\/pl\/wp-json\/wp\/v2\/pages\/241","targetHints":{"allow":["GET"]}}],"collection":[{"href":"https:\/\/ipnote.pro\/pl\/wp-json\/wp\/v2\/pages"}],"about":[{"href":"https:\/\/ipnote.pro\/pl\/wp-json\/wp\/v2\/types\/page"}],"author":[{"embeddable":true,"href":"https:\/\/ipnote.pro\/pl\/wp-json\/wp\/v2\/users\/1"}],"replies":[{"embeddable":true,"href":"https:\/\/ipnote.pro\/pl\/wp-json\/wp\/v2\/comments?post=241"}],"version-history":[{"count":8,"href":"https:\/\/ipnote.pro\/pl\/wp-json\/wp\/v2\/pages\/241\/revisions"}],"predecessor-version":[{"id":250,"href":"https:\/\/ipnote.pro\/pl\/wp-json\/wp\/v2\/pages\/241\/revisions\/250"}],"wp:attachment":[{"href":"https:\/\/ipnote.pro\/pl\/wp-json\/wp\/v2\/media?parent=241"}],"curies":[{"name":"wp","href":"https:\/\/api.w.org\/{rel}","templated":true}]}}