{"id":241,"date":"2021-11-11T15:04:00","date_gmt":"2021-11-11T10:04:00","guid":{"rendered":"https:\/\/ipnote.pro\/?page_id=241"},"modified":"2021-11-11T15:36:28","modified_gmt":"2021-11-11T10:36:28","slug":"12-easy-ways-to-save-money-on-ip","status":"publish","type":"page","link":"https:\/\/ipnote.pro\/it\/12-easy-ways-to-save-money-on-ip\/","title":{"rendered":"12 semplici modi per risparmiare sulla propriet\u00e0 intellettuale"},"content":{"rendered":"<h2>12 semplici modi per risparmiare sulla propriet\u00e0 intellettuale<\/h2>\n<\/p>\n<h6>1. Deposito di un marchio di colore in Cina per due classi<\/h6>\n<p>Il cliente ha lavorato con l&#039;agente europeo per molti anni, ha composto $1,450.<\/p>\n<p>Gli avvocati, tramite iPNOTE, hanno offerto da $358 a $1.050. Il profitto del cliente \u00e8 stato di circa $1.092 (75%).<\/p>\n<h6>2. Risposta a un&#039;azione d&#039;ufficio per un disegno negli Stati Uniti Un avvocato aveva dei soci negli Stati Uniti.<\/h6>\n<p>Doveva rispondere immediatamente all&#039;Ufficio Azioni per un disegno o modello, perch\u00e9 era essenziale che il cliente ottenesse il brevetto il prima possibile. Tuttavia, i partner statunitensi erano sovraccarichi di lavoro e potevano fornirlo solo in due mesi.<\/p>\n<p>L&#039;avvocato si \u00e8 rivolto a iPNOTE e ha concluso l&#039;affare in una settimana, a un prezzo quasi simile.<\/p>\n<h6>3. Manutenzione in Brasile<\/h6>\n<p>Il cliente aveva bisogno di mantenere un brevetto e si \u00e8 rivolto all&#039;avvocato con cui aveva collaborato in precedenza per il deposito. L&#039;avvocato aveva redatto il documento $280. Era costoso per un servizio formale cos\u00ec semplice, quindi ha deciso di cercare alternative pi\u00f9 economiche.<\/p>\n<p>Il giorno dopo, ha chiesto un&#039;offerta agli avvocati di iPNOTE e si \u00e8 scoperto che uno studio legale specializzato in propriet\u00e0 intellettuale a Rio de Janeiro era disposto a farlo per $180, inclusi i compensi ufficiali. Il profitto del cliente ammontava a $100 (36%).<\/p>\n<h6>4. Concessione di brevetti in Australia<\/h6>\n<p>Il cliente ha avuto difficolt\u00e0 a ottenere l&#039;approvazione del brevetto dall&#039;AusPat (Ufficio Brevetti Australiano), ha ricevuto due azioni d&#039;ufficio e ha dovuto investire molte risorse per questa domanda. Pertanto, voleva ridurre al minimo i costi rimanenti. Lo stesso agente in Europa avrebbe richiesto $1.121 per la concessione, una cifra sufficientemente elevata.<\/p>\n<p>Successivamente, il cliente ha richiesto i preventivi agli avvocati iPNOTE. La fascia di prezzo andava da $400 a $1.000. Alla fine, ha scelto lo studio legale di Sydney che poteva eseguire il lavoro immediatamente. Hanno chiesto 500$, inclusa la parcella ufficiale. Il cliente ha risparmiato $621 (55%) e il suo tempo.<\/p>\n<h6>5. Rispondere alle azioni d&#039;ufficio in Cina<\/h6>\n<p>Il cliente aveva partner cinesi e lavorava con loro da molti anni. Il cliente ha fornito due risposte, ma ciascuna di esse costava circa 3.665 euro.<\/p>\n<p>Nel frattempo, il cliente ha creato un task su iPNOTE per confrontare i prezzi tra gli avvocati. Ha scoperto che l&#039;offerta totale di un avvocato era di 661 euro. Il cliente ha iniziato a collaborare con gli avvocati tramite iPNOTE, ma se avesse iniziato a utilizzare la piattaforma iPNOTE prima, avrebbe risparmiato quasi 6.000 euro.<\/p>\n<h6>6. Validazione in Europa<\/h6>\n<p>Il cliente era alla ricerca di un avvocato per la convalida in 25 paesi. L&#039;avvocato europeo ha offerto $42,120 per l&#039;incarico.<\/p>\n<p>Si trattava di una somma piuttosto consistente per il cliente, per questo si \u00e8 rivolto a iPNOTE per trovare un avvocato professionista a un prezzo ragionevole. L&#039;avvocato, tramite iPNOTE, ha guadagnato $29.897. Il profitto del cliente \u00e8 stato di $12.223 (29%).<\/p>\n<h6>7. Ingresso nella fase nazionale\/regionale in 9 paesi\/regioni<\/h6>\n<p>Il cliente deve accedere alla fase nazionale\/regionale in 9 paesi\/regioni, inclusi i costi ufficiali, la richiesta di esame, le traduzioni e la procura. L&#039;agente europeo ha formulato un&#039;offerta di 38.600 \u20ac (uno degli agenti pi\u00f9 onesti).<\/p>\n<p>Il prezzo totale pagato da sette nuovi consulenti in brevetti diretti tramite iPNOTE \u00e8 stato di 25.047 \u20ac. Il profitto del cliente \u00e8 stato di 13.553 \u20ac (35%).<\/p>\n<h6>8. Altri servizi (registrazione di assegnazione) nel Regno Unito<\/h6>\n<p>L&#039;avvocato aveva bisogno di cambiare i titolari di un marchio prima dell&#039;UKIPO. Tuttavia, era difficile trovare un professionista all&#039;interno del suo studio legale, perch\u00e9 era sovraccarico di casi.<\/p>\n<p>Per questo motivo, si \u00e8 rivolto alla piattaforma iPNOTE e ha trovato un avvocato nel Regno Unito in pochi clic per sole \u00a3 296.<\/p>\n<h6>9. Domanda PCT per la fase nazionale in Russia<\/h6>\n<p>L&#039;agente ha formulato un&#039;offerta di circa $8.500 per la fase nazionale di deposito PCT di una sequenza nucleotidica in Russia.<\/p>\n<p>Il cliente non poteva permetterselo e ha iniziato a utilizzare iPNOTE, dove ha trovato un avvocato russo che ha gestito questa esigenza per $6.000. Il profitto del cliente \u00e8 stato di $2.500 (29%).<\/p>\n<h6>10. Depositare un marchio in Italia<\/h6>\n<p>Il cliente era alla ricerca di un avvocato italiano per depositare una domanda di registrazione di un marchio. La scadenza per il deposito si stava avvicinando, ma non riusciva a trovare l&#039;opzione pi\u00f9 adatta.<\/p>\n<p>Ha utilizzato iPNOTE e ha trovato un avvocato italiano che ha fornito servizi di alta qualit\u00e0 al prezzo conveniente di 690 \u20ac.<\/p>\n<h6>11. Manutenzione in Canada<\/h6>\n<p>Il cliente aveva bisogno di mantenere un brevetto in Canada e si era affidato ad alcuni fornitori per il caso: una societ\u00e0 di propriet\u00e0 intellettuale ha prodotto $427. Un software specializzato ha prodotto circa $254.<\/p>\n<p>Tuttavia, l&#039;avvocato di iPNOTE ha offerto solo $211 per l&#039;incarico. Pertanto, il cliente ha scelto iPNOTE come piattaforma per trovare professionisti della propriet\u00e0 intellettuale a prezzi competitivi.<\/p>\n<h6>12. Rispondere all&#039;OA in Corea del Sud<\/h6>\n<p>Il cliente ha ottenuto un&#039;azione d&#039;ufficio da KIPO (Korean IP Office) e ha ricevuto un&#039;offerta dall&#039;agente per $960.<\/p>\n<p>Sapendo che la scadenza era imminente, chiese al responsabile di iPNOTE se ci fossero soluzioni. Il responsabile lo aiut\u00f2 a richiedere un&#039;offerta agli avvocati iscritti all&#039;albo, e la pi\u00f9 economica fu $498. Cos\u00ec, la registrazione fu rapida e l&#039;affare fu concluso con successo. Il profitto del cliente ammontava a $462 (48%).<\/p>","protected":false},"excerpt":{"rendered":"<p>12 easy ways to save money on IP 1. Filing a color trademark in China for two classes The client has worked with the agent from Europe for many years, he composed $1,450. The attorneys via iPNOTE offered from $358 to $1,050. The client\u2019s profit was about $1,092 (75%). 2. Responding to Office Action for [&hellip;]<\/p>","protected":false},"author":1,"featured_media":0,"parent":0,"menu_order":0,"comment_status":"closed","ping_status":"closed","template":"","meta":{"_acf_changed":false,"content-type":"","inline_featured_image":false,"footnotes":""},"class_list":["post-241","page","type-page","status-publish","hentry"],"acf":[],"yoast_head":"<!-- This site is optimized with the Yoast SEO Premium plugin v20.8 (Yoast SEO v20.11) - https:\/\/yoast.com\/wordpress\/plugins\/seo\/ -->\n<title>12 easy ways to save money on IP - iPNOTE \u2013 worldwide patent and trademark registration<\/title>\n<meta name=\"robots\" content=\"index, follow, max-snippet:-1, max-image-preview:large, max-video-preview:-1\" \/>\n<link rel=\"canonical\" href=\"https:\/\/ipnote.pro\/it\/12-easy-ways-to-save-money-on-ip\/\" \/>\n<meta property=\"og:locale\" content=\"it_IT\" \/>\n<meta property=\"og:type\" content=\"article\" \/>\n<meta property=\"og:title\" content=\"12 easy ways to save money on IP - iPNOTE \u2013 worldwide patent and trademark registration\" \/>\n<meta property=\"og:description\" content=\"12 easy ways to save money on IP 1. Filing a color trademark in China for two classes The client has worked with the agent from Europe for many years, he composed $1,450. The attorneys via iPNOTE offered from $358 to $1,050. The client\u2019s profit was about $1,092 (75%). 2. Responding to Office Action for [&hellip;]\" \/>\n<meta property=\"og:url\" content=\"https:\/\/ipnote.pro\/it\/12-easy-ways-to-save-money-on-ip\/\" \/>\n<meta property=\"og:site_name\" content=\"iPNOTE \u2013 worldwide patent and trademark registration\" \/>\n<meta property=\"article:modified_time\" content=\"2021-11-11T10:36:28+00:00\" \/>\n<meta property=\"og:image\" content=\"https:\/\/ipnote.pro\/wp-content\/uploads\/2024\/07\/img_8892.png\" \/>\n\t<meta property=\"og:image:width\" content=\"1200\" \/>\n\t<meta property=\"og:image:height\" content=\"628\" \/>\n\t<meta property=\"og:image:type\" content=\"image\/png\" \/>\n<meta name=\"twitter:card\" content=\"summary_large_image\" \/>\n<meta name=\"twitter:label1\" content=\"Tempo di lettura stimato\" \/>\n\t<meta name=\"twitter:data1\" content=\"4 minuti\" \/>\n<script type=\"application\/ld+json\" class=\"yoast-schema-graph\">{\"@context\":\"https:\/\/schema.org\",\"@graph\":[{\"@type\":\"WebPage\",\"@id\":\"https:\/\/ipnote.pro\/12-easy-ways-to-save-money-on-ip\/\",\"url\":\"https:\/\/ipnote.pro\/12-easy-ways-to-save-money-on-ip\/\",\"name\":\"12 easy ways to save money on IP - iPNOTE \u2013 worldwide patent and trademark registration\",\"isPartOf\":{\"@id\":\"https:\/\/ipnote.pro\/#website\"},\"datePublished\":\"2021-11-11T10:04:00+00:00\",\"dateModified\":\"2021-11-11T10:36:28+00:00\",\"inLanguage\":\"it-IT\",\"potentialAction\":[{\"@type\":\"ReadAction\",\"target\":[\"https:\/\/ipnote.pro\/12-easy-ways-to-save-money-on-ip\/\"]}]},{\"@type\":\"WebSite\",\"@id\":\"https:\/\/ipnote.pro\/#website\",\"url\":\"https:\/\/ipnote.pro\/\",\"name\":\"iPNOTE \u2013 worldwide patent and trademark registration\",\"description\":\"\",\"publisher\":{\"@id\":\"https:\/\/ipnote.pro\/#organization\"},\"potentialAction\":[{\"@type\":\"SearchAction\",\"target\":{\"@type\":\"EntryPoint\",\"urlTemplate\":\"https:\/\/ipnote.pro\/?s={search_term_string}\"},\"query-input\":\"required name=search_term_string\"}],\"inLanguage\":\"it-IT\"},{\"@type\":\"Organization\",\"@id\":\"https:\/\/ipnote.pro\/#organization\",\"name\":\"iPNOTE \u2013 worldwide patent and trademark registration\",\"url\":\"https:\/\/ipnote.pro\/\",\"logo\":{\"@type\":\"ImageObject\",\"inLanguage\":\"it-IT\",\"@id\":\"https:\/\/ipnote.pro\/#\/schema\/logo\/image\/\",\"url\":\"https:\/\/ipnote.pro\/wp-content\/uploads\/2024\/07\/img_8892.png\",\"contentUrl\":\"https:\/\/ipnote.pro\/wp-content\/uploads\/2024\/07\/img_8892.png\",\"width\":1200,\"height\":628,\"caption\":\"iPNOTE \u2013 worldwide patent and trademark registration\"},\"image\":{\"@id\":\"https:\/\/ipnote.pro\/#\/schema\/logo\/image\/\"},\"sameAs\":[\"https:\/\/www.linkedin.com\/company\/ipnote\",\"https:\/\/www.crunchbase.com\/organization\/ipnote\"]}]}<\/script>\n<!-- \/ Yoast SEO Premium plugin. -->","yoast_head_json":{"title":"12 semplici modi per risparmiare sulla propriet\u00e0 intellettuale - iPNOTE \u2013 registrazione mondiale di brevetti e marchi","robots":{"index":"index","follow":"follow","max-snippet":"max-snippet:-1","max-image-preview":"max-image-preview:large","max-video-preview":"max-video-preview:-1"},"canonical":"https:\/\/ipnote.pro\/it\/12-easy-ways-to-save-money-on-ip\/","og_locale":"it_IT","og_type":"article","og_title":"12 easy ways to save money on IP - iPNOTE \u2013 worldwide patent and trademark registration","og_description":"12 easy ways to save money on IP 1. Filing a color trademark in China for two classes The client has worked with the agent from Europe for many years, he composed $1,450. The attorneys via iPNOTE offered from $358 to $1,050. The client\u2019s profit was about $1,092 (75%). 2. Responding to Office Action for [&hellip;]","og_url":"https:\/\/ipnote.pro\/it\/12-easy-ways-to-save-money-on-ip\/","og_site_name":"iPNOTE \u2013 worldwide patent and trademark registration","article_modified_time":"2021-11-11T10:36:28+00:00","og_image":[{"width":1200,"height":628,"url":"https:\/\/ipnote.pro\/wp-content\/uploads\/2024\/07\/img_8892.png","type":"image\/png"}],"twitter_card":"summary_large_image","twitter_misc":{"Tempo di lettura stimato":"4 minuti"},"schema":{"@context":"https:\/\/schema.org","@graph":[{"@type":"WebPage","@id":"https:\/\/ipnote.pro\/12-easy-ways-to-save-money-on-ip\/","url":"https:\/\/ipnote.pro\/12-easy-ways-to-save-money-on-ip\/","name":"12 semplici modi per risparmiare sulla propriet\u00e0 intellettuale - iPNOTE \u2013 registrazione mondiale di brevetti e marchi","isPartOf":{"@id":"https:\/\/ipnote.pro\/#website"},"datePublished":"2021-11-11T10:04:00+00:00","dateModified":"2021-11-11T10:36:28+00:00","inLanguage":"it-IT","potentialAction":[{"@type":"ReadAction","target":["https:\/\/ipnote.pro\/12-easy-ways-to-save-money-on-ip\/"]}]},{"@type":"WebSite","@id":"https:\/\/ipnote.pro\/#website","url":"https:\/\/ipnote.pro\/","name":"iPNOTE \u2013 registrazione mondiale di brevetti e marchi","description":"","publisher":{"@id":"https:\/\/ipnote.pro\/#organization"},"potentialAction":[{"@type":"SearchAction","target":{"@type":"EntryPoint","urlTemplate":"https:\/\/ipnote.pro\/?s={search_term_string}"},"query-input":"required name=search_term_string"}],"inLanguage":"it-IT"},{"@type":"Organization","@id":"https:\/\/ipnote.pro\/#organization","name":"iPNOTE \u2013 registrazione mondiale di brevetti e marchi","url":"https:\/\/ipnote.pro\/","logo":{"@type":"ImageObject","inLanguage":"it-IT","@id":"https:\/\/ipnote.pro\/#\/schema\/logo\/image\/","url":"https:\/\/ipnote.pro\/wp-content\/uploads\/2024\/07\/img_8892.png","contentUrl":"https:\/\/ipnote.pro\/wp-content\/uploads\/2024\/07\/img_8892.png","width":1200,"height":628,"caption":"iPNOTE \u2013 worldwide patent and trademark registration"},"image":{"@id":"https:\/\/ipnote.pro\/#\/schema\/logo\/image\/"},"sameAs":["https:\/\/www.linkedin.com\/company\/ipnote","https:\/\/www.crunchbase.com\/organization\/ipnote"]}]}},"_links":{"self":[{"href":"https:\/\/ipnote.pro\/it\/wp-json\/wp\/v2\/pages\/241","targetHints":{"allow":["GET"]}}],"collection":[{"href":"https:\/\/ipnote.pro\/it\/wp-json\/wp\/v2\/pages"}],"about":[{"href":"https:\/\/ipnote.pro\/it\/wp-json\/wp\/v2\/types\/page"}],"author":[{"embeddable":true,"href":"https:\/\/ipnote.pro\/it\/wp-json\/wp\/v2\/users\/1"}],"replies":[{"embeddable":true,"href":"https:\/\/ipnote.pro\/it\/wp-json\/wp\/v2\/comments?post=241"}],"version-history":[{"count":8,"href":"https:\/\/ipnote.pro\/it\/wp-json\/wp\/v2\/pages\/241\/revisions"}],"predecessor-version":[{"id":250,"href":"https:\/\/ipnote.pro\/it\/wp-json\/wp\/v2\/pages\/241\/revisions\/250"}],"wp:attachment":[{"href":"https:\/\/ipnote.pro\/it\/wp-json\/wp\/v2\/media?parent=241"}],"curies":[{"name":"wp","href":"https:\/\/api.w.org\/{rel}","templated":true}]}}