{"id":5554,"date":"2024-07-08T05:18:55","date_gmt":"2024-07-08T14:18:55","guid":{"rendered":"https:\/\/ipnote.pro\/?page_id=5554"},"modified":"2025-05-08T04:36:41","modified_gmt":"2025-05-08T13:36:41","slug":"homepage","status":"publish","type":"page","link":"https:\/\/ipnote.pro\/fra\/homepage\/","title":{"rendered":"Page d&#039;accueil"},"content":{"rendered":"","protected":false},"excerpt":{"rendered":"","protected":false},"author":16,"featured_media":0,"parent":0,"menu_order":-10,"comment_status":"closed","ping_status":"closed","template":"templates\/home.php","meta":{"_acf_changed":false,"content-type":"","inline_featured_image":false,"footnotes":""},"class_list":["post-5554","page","type-page","status-publish","hentry"],"acf":[],"yoast_head":"<!-- This site is optimized with the Yoast SEO Premium plugin v20.8 (Yoast SEO v20.11) - https:\/\/yoast.com\/wordpress\/plugins\/seo\/ -->\n<title>AI-Powered Global IP Management platform | Built to Scale | iPNOTE<\/title>\n<meta name=\"description\" content=\"Experience AI-powered IP management platform that scales with your business. Automate processes, connect globally, and cut costs\u2014whether you&#039;re a startup or an enterprise.\" \/>\n<meta name=\"robots\" content=\"index, follow, max-snippet:-1, max-image-preview:large, max-video-preview:-1\" \/>\n<link rel=\"canonical\" href=\"https:\/\/ipnote.pro\/fra\/homepage\/\" \/>\n<meta property=\"og:locale\" content=\"fr_FR\" \/>\n<meta property=\"og:type\" content=\"article\" \/>\n<meta property=\"og:title\" content=\"AI-Powered Global IP Management platform | Built to Scale | iPNOTE\" \/>\n<meta property=\"og:description\" content=\"Experience AI-powered IP management platform that scales with your business. Automate processes, connect globally, and cut costs\u2014whether you&#039;re a startup or an enterprise.\" \/>\n<meta property=\"og:url\" content=\"https:\/\/ipnote.pro\/fra\/homepage\/\" \/>\n<meta property=\"og:site_name\" content=\"iPNOTE \u2013 worldwide patent and trademark registration\" \/>\n<meta property=\"article:modified_time\" content=\"2025-05-08T13:36:41+00:00\" \/>\n<meta property=\"og:image\" content=\"https:\/\/ipnote.pro\/wp-content\/uploads\/2024\/07\/img_8892.png\" \/>\n\t<meta property=\"og:image:width\" content=\"1200\" \/>\n\t<meta property=\"og:image:height\" content=\"628\" \/>\n\t<meta property=\"og:image:type\" content=\"image\/png\" \/>\n<meta name=\"twitter:card\" content=\"summary_large_image\" \/>\n<script type=\"application\/ld+json\" class=\"yoast-schema-graph\">{\"@context\":\"https:\/\/schema.org\",\"@graph\":[{\"@type\":\"WebPage\",\"@id\":\"https:\/\/ipnote.pro\/homepage\/\",\"url\":\"https:\/\/ipnote.pro\/homepage\/\",\"name\":\"AI-Powered Global IP Management platform | Built to Scale | iPNOTE\",\"isPartOf\":{\"@id\":\"https:\/\/ipnote.pro\/#website\"},\"datePublished\":\"2024-07-08T14:18:55+00:00\",\"dateModified\":\"2025-05-08T13:36:41+00:00\",\"description\":\"Experience AI-powered IP management platform that scales with your business. Automate processes, connect globally, and cut costs\u2014whether you're a startup or an enterprise.\",\"inLanguage\":\"fr-FR\",\"potentialAction\":[{\"@type\":\"ReadAction\",\"target\":[\"https:\/\/ipnote.pro\/homepage\/\"]}]},{\"@type\":\"WebSite\",\"@id\":\"https:\/\/ipnote.pro\/#website\",\"url\":\"https:\/\/ipnote.pro\/\",\"name\":\"iPNOTE \u2013 worldwide patent and trademark registration\",\"description\":\"\",\"publisher\":{\"@id\":\"https:\/\/ipnote.pro\/#organization\"},\"potentialAction\":[{\"@type\":\"SearchAction\",\"target\":{\"@type\":\"EntryPoint\",\"urlTemplate\":\"https:\/\/ipnote.pro\/?s={search_term_string}\"},\"query-input\":\"required name=search_term_string\"}],\"inLanguage\":\"fr-FR\"},{\"@type\":\"Organization\",\"@id\":\"https:\/\/ipnote.pro\/#organization\",\"name\":\"iPNOTE \u2013 worldwide patent and trademark registration\",\"url\":\"https:\/\/ipnote.pro\/\",\"logo\":{\"@type\":\"ImageObject\",\"inLanguage\":\"fr-FR\",\"@id\":\"https:\/\/ipnote.pro\/#\/schema\/logo\/image\/\",\"url\":\"https:\/\/ipnote.pro\/wp-content\/uploads\/2024\/07\/img_8892.png\",\"contentUrl\":\"https:\/\/ipnote.pro\/wp-content\/uploads\/2024\/07\/img_8892.png\",\"width\":1200,\"height\":628,\"caption\":\"iPNOTE \u2013 worldwide patent and trademark registration\"},\"image\":{\"@id\":\"https:\/\/ipnote.pro\/#\/schema\/logo\/image\/\"},\"sameAs\":[\"https:\/\/www.linkedin.com\/company\/ipnote\",\"https:\/\/www.crunchbase.com\/organization\/ipnote\"]}]}<\/script>\n<!-- \/ Yoast SEO Premium plugin. -->","yoast_head_json":{"title":"Plateforme mondiale de gestion de la propri\u00e9t\u00e9 intellectuelle bas\u00e9e sur l&#039;IA | Con\u00e7ue pour \u00e9voluer | iPNOTE","description":"D\u00e9couvrez une plateforme de gestion de propri\u00e9t\u00e9 intellectuelle optimis\u00e9e par l&#039;IA qui s&#039;adapte \u00e0 votre activit\u00e9. Automatisez vos processus, connectez-vous \u00e0 l&#039;international et r\u00e9duisez vos co\u00fbts, que vous soyez une start-up ou une grande entreprise.","robots":{"index":"index","follow":"follow","max-snippet":"max-snippet:-1","max-image-preview":"max-image-preview:large","max-video-preview":"max-video-preview:-1"},"canonical":"https:\/\/ipnote.pro\/fra\/homepage\/","og_locale":"fr_FR","og_type":"article","og_title":"AI-Powered Global IP Management platform | Built to Scale | iPNOTE","og_description":"Experience AI-powered IP management platform that scales with your business. Automate processes, connect globally, and cut costs\u2014whether you're a startup or an enterprise.","og_url":"https:\/\/ipnote.pro\/fra\/homepage\/","og_site_name":"iPNOTE \u2013 worldwide patent and trademark registration","article_modified_time":"2025-05-08T13:36:41+00:00","og_image":[{"width":1200,"height":628,"url":"https:\/\/ipnote.pro\/wp-content\/uploads\/2024\/07\/img_8892.png","type":"image\/png"}],"twitter_card":"summary_large_image","schema":{"@context":"https:\/\/schema.org","@graph":[{"@type":"WebPage","@id":"https:\/\/ipnote.pro\/homepage\/","url":"https:\/\/ipnote.pro\/homepage\/","name":"Plateforme mondiale de gestion de la propri\u00e9t\u00e9 intellectuelle bas\u00e9e sur l&#039;IA | Con\u00e7ue pour \u00e9voluer | iPNOTE","isPartOf":{"@id":"https:\/\/ipnote.pro\/#website"},"datePublished":"2024-07-08T14:18:55+00:00","dateModified":"2025-05-08T13:36:41+00:00","description":"D\u00e9couvrez une plateforme de gestion de propri\u00e9t\u00e9 intellectuelle optimis\u00e9e par l&#039;IA qui s&#039;adapte \u00e0 votre activit\u00e9. Automatisez vos processus, connectez-vous \u00e0 l&#039;international et r\u00e9duisez vos co\u00fbts, que vous soyez une start-up ou une grande entreprise.","inLanguage":"fr-FR","potentialAction":[{"@type":"ReadAction","target":["https:\/\/ipnote.pro\/homepage\/"]}]},{"@type":"WebSite","@id":"https:\/\/ipnote.pro\/#website","url":"https:\/\/ipnote.pro\/","name":"iPNOTE \u2013 enregistrement mondial de brevets et de marques","description":"","publisher":{"@id":"https:\/\/ipnote.pro\/#organization"},"potentialAction":[{"@type":"SearchAction","target":{"@type":"EntryPoint","urlTemplate":"https:\/\/ipnote.pro\/?s={search_term_string}"},"query-input":"required name=search_term_string"}],"inLanguage":"fr-FR"},{"@type":"Organization","@id":"https:\/\/ipnote.pro\/#organization","name":"iPNOTE \u2013 enregistrement mondial de brevets et de marques","url":"https:\/\/ipnote.pro\/","logo":{"@type":"ImageObject","inLanguage":"fr-FR","@id":"https:\/\/ipnote.pro\/#\/schema\/logo\/image\/","url":"https:\/\/ipnote.pro\/wp-content\/uploads\/2024\/07\/img_8892.png","contentUrl":"https:\/\/ipnote.pro\/wp-content\/uploads\/2024\/07\/img_8892.png","width":1200,"height":628,"caption":"iPNOTE \u2013 worldwide patent and trademark registration"},"image":{"@id":"https:\/\/ipnote.pro\/#\/schema\/logo\/image\/"},"sameAs":["https:\/\/www.linkedin.com\/company\/ipnote","https:\/\/www.crunchbase.com\/organization\/ipnote"]}]}},"_links":{"self":[{"href":"https:\/\/ipnote.pro\/fra\/wp-json\/wp\/v2\/pages\/5554","targetHints":{"allow":["GET"]}}],"collection":[{"href":"https:\/\/ipnote.pro\/fra\/wp-json\/wp\/v2\/pages"}],"about":[{"href":"https:\/\/ipnote.pro\/fra\/wp-json\/wp\/v2\/types\/page"}],"author":[{"embeddable":true,"href":"https:\/\/ipnote.pro\/fra\/wp-json\/wp\/v2\/users\/16"}],"replies":[{"embeddable":true,"href":"https:\/\/ipnote.pro\/fra\/wp-json\/wp\/v2\/comments?post=5554"}],"version-history":[{"count":6,"href":"https:\/\/ipnote.pro\/fra\/wp-json\/wp\/v2\/pages\/5554\/revisions"}],"predecessor-version":[{"id":12137,"href":"https:\/\/ipnote.pro\/fra\/wp-json\/wp\/v2\/pages\/5554\/revisions\/12137"}],"wp:attachment":[{"href":"https:\/\/ipnote.pro\/fra\/wp-json\/wp\/v2\/media?parent=5554"}],"curies":[{"name":"wp","href":"https:\/\/api.w.org\/{rel}","templated":true}]}}