{"id":241,"date":"2021-11-11T15:04:00","date_gmt":"2021-11-11T10:04:00","guid":{"rendered":"https:\/\/ipnote.pro\/?page_id=241"},"modified":"2021-11-11T15:36:28","modified_gmt":"2021-11-11T10:36:28","slug":"12-easy-ways-to-save-money-on-ip","status":"publish","type":"page","link":"https:\/\/ipnote.pro\/fra\/12-easy-ways-to-save-money-on-ip\/","title":{"rendered":"12 fa\u00e7ons simples d&#039;\u00e9conomiser de l&#039;argent sur la propri\u00e9t\u00e9 intellectuelle"},"content":{"rendered":"<h2>12 fa\u00e7ons simples d&#039;\u00e9conomiser de l&#039;argent sur la propri\u00e9t\u00e9 intellectuelle<\/h2>\n<\/p>\n<h6>1. D\u00e9p\u00f4t d&#039;une marque de couleur en Chine pour deux classes<\/h6>\n<p>Le client travaille avec l&#039;agent d&#039;Europe depuis de nombreuses ann\u00e9es, il a compos\u00e9 $1,450.<\/p>\n<p>Les avocats ont propos\u00e9 via iPNOTE entre $358 et $1 050. Le b\u00e9n\u00e9fice du client \u00e9tait d&#039;environ $1 092 (75%).<\/p>\n<h6>2. R\u00e9ponse \u00e0 une action de l&#039;Office pour un dessin ou mod\u00e8le aux \u00c9tats-Unis Un avocat avait des partenaires aux \u00c9tats-Unis.<\/h6>\n<p>Il devait r\u00e9pondre imm\u00e9diatement \u00e0 l&#039;Office Action pour un dessin ou mod\u00e8le car il \u00e9tait essentiel pour le client d&#039;obtenir le brevet le plus rapidement possible. Cependant, les partenaires des \u00c9tats-Unis \u00e9taient surcharg\u00e9s et n&#039;ont pu le fournir qu&#039;en 2 mois.<\/p>\n<p>L&#039;avocat est venu chez iPNOTE et a conclu l&#039;affaire en une semaine avec un prix presque similaire.<\/p>\n<h6>3. Entretien au Br\u00e9sil<\/h6>\n<p>Le client avait besoin de conserver un brevet et s&#039;est adress\u00e9 \u00e0 l&#039;avocat avec lequel il avait travaill\u00e9 pour le d\u00e9p\u00f4t de brevet. L&#039;avocat a r\u00e9dig\u00e9 le formulaire $280. C&#039;\u00e9tait cher pour un service formel aussi simple, il a donc d\u00e9cid\u00e9 de chercher des alternatives moins ch\u00e8res.<\/p>\n<p>Le lendemain, il a demand\u00e9 des offres aux avocats d&#039;iPNOTE et il s&#039;est av\u00e9r\u00e9 qu&#039;un cabinet d&#039;avocats sp\u00e9cialis\u00e9 en propri\u00e9t\u00e9 intellectuelle \u00e0 Rio de Janeiro \u00e9tait pr\u00eat \u00e0 le faire pour $180, honoraires officiels inclus. Le b\u00e9n\u00e9fice du client s&#039;est \u00e9lev\u00e9 \u00e0 $100 (36%).<\/p>\n<h6>4. Octroi de brevets en Australie<\/h6>\n<p>Le client a eu du mal \u00e0 obtenir l&#039;approbation du brevet aupr\u00e8s de l&#039;AusPat (Office australien des brevets), il a re\u00e7u 2 notifications administratives et a d\u00fb consacrer beaucoup de ressources \u00e0 cette demande. Il souhaitait donc minimiser les co\u00fbts restants. Le m\u00eame agent europ\u00e9en prendrait $1,121 pour l&#039;octroi, ce qui est assez \u00e9lev\u00e9.<\/p>\n<p>Le client a ensuite demand\u00e9 des devis aux avocats d&#039;iPNOTE. La fourchette de prix s&#039;\u00e9chelonnait de 400 \u00e0 1 000 $. Finalement, il a choisi le cabinet de Sydney qui pouvait effectuer le travail imm\u00e9diatement. Ils ont demand\u00e9 5 00$, y compris les honoraires officiels. Le client a \u00e9conomis\u00e9 621 $ (55%) et son temps.<\/p>\n<h6>5. R\u00e9ponse \u00e0 la mesure administrative en Chine<\/h6>\n<p>Le client avait des partenaires chinois avec lesquels il a travaill\u00e9 pendant de nombreuses ann\u00e9es. Le client avait 2 r\u00e9ponses, mais chacune d&#039;elles valait environ 3 665 \u20ac.<\/p>\n<p>Entre-temps, le client a cr\u00e9\u00e9 une t\u00e2che sur iPNOTE pour comparer les prix entre les avocats. Il a d\u00e9couvert que l&#039;offre totale d&#039;un avocat \u00e9tait de 661 \u20ac. Le client a commenc\u00e9 \u00e0 travailler avec les avocats via iPNOTE mais, s&#039;il avait commenc\u00e9 \u00e0 utiliser la plateforme iPNOTE plus t\u00f4t, il aurait \u00e9conomis\u00e9 pr\u00e8s de 6 000 \u20ac.<\/p>\n<h6>6. Validation en Europe<\/h6>\n<p>Le client recherchait un avocat pour la validation dans 25 pays. L&#039;avocat europ\u00e9en a fix\u00e9 le montant de la mission \u00e0 $42,120.<\/p>\n<p>Il s&#039;agissait d&#039;une somme assez importante pour le client, c&#039;est pourquoi il s&#039;est tourn\u00e9 vers iPNOTE pour trouver un avocat professionnel \u00e0 un prix raisonnable. L&#039;avocat via iPNOTE a r\u00e9alis\u00e9 un b\u00e9n\u00e9fice de $29 897. Le b\u00e9n\u00e9fice du client \u00e9tait de $12 223 (29%).<\/p>\n<h6>7. Entr\u00e9e en phase nationale\/r\u00e9gionale dans 9 pays\/r\u00e9gions<\/h6>\n<p>Le client doit entrer dans la phase nationale\/r\u00e9gionale dans 9 pays\/r\u00e9gions, y compris les frais officiels, la demande d&#039;examen, les traductions et la procuration. L&#039;agent europ\u00e9en a r\u00e9dig\u00e9 une offre pour 38 600 \u20ac (l&#039;un des agents les plus honn\u00eates).<\/p>\n<p>Le prix total des sept nouveaux mandataires en brevets directs via iPNOTE s&#039;\u00e9levait \u00e0 25 047 \u20ac. Le b\u00e9n\u00e9fice du client s&#039;\u00e9levait \u00e0 13 553 \u20ac (35%).<\/p>\n<h6>8. Autres services (enregistrement de cession) au Royaume-Uni<\/h6>\n<p>L&#039;avocat devait changer les titulaires d&#039;une marque aupr\u00e8s de l&#039;UKIPO. Cependant, il \u00e9tait difficile de trouver un professionnel au sein de son cabinet car celui-ci \u00e9tait surcharg\u00e9 de dossiers.<\/p>\n<p>C&#039;est pour cette raison qu&#039;il a postul\u00e9 sur la plateforme iPNOTE et a trouv\u00e9 un avocat au Royaume-Uni en quelques clics pour seulement 296 \u00a3.<\/p>\n<h6>9. Demande PCT pour la phase nationale en Russie<\/h6>\n<p>L&#039;agent a r\u00e9dig\u00e9 une offre d&#039;environ $8 500 pour le d\u00e9p\u00f4t en phase nationale PCT d&#039;une s\u00e9quence nucl\u00e9otidique en Russie.<\/p>\n<p>Le client n&#039;a pas pu se le permettre et a commenc\u00e9 \u00e0 utiliser iPNOTE, o\u00f9 il a trouv\u00e9 un avocat russe qui a g\u00e9r\u00e9 cette demande pour $6 000. Le b\u00e9n\u00e9fice du client s&#039;est \u00e9lev\u00e9 \u00e0 $2 500 (29%).<\/p>\n<h6>10. D\u00e9p\u00f4t d&#039;une marque en Italie<\/h6>\n<p>Le client recherchait un avocat italien pour d\u00e9poser une demande d&#039;enregistrement de marque. La date limite de d\u00e9p\u00f4t approchait, mais il ne parvenait pas \u00e0 trouver l&#039;option la plus adapt\u00e9e.<\/p>\n<p>Il a utilis\u00e9 iPNOTE et a trouv\u00e9 un avocat italien qui a fourni des services de haute qualit\u00e9 pour un bon rapport qualit\u00e9-prix de 690 \u20ac.<\/p>\n<h6>11. Entretien au Canada<\/h6>\n<p>Le client avait besoin de conserver un brevet au Canada et avait fait appel \u00e0 des prestataires de services pour cette affaire : une soci\u00e9t\u00e9 de propri\u00e9t\u00e9 intellectuelle a compos\u00e9 le num\u00e9ro $427. Un logiciel sp\u00e9cialis\u00e9 a fourni le num\u00e9ro $254.<\/p>\n<p>Cependant, l&#039;avocat sur iPNOTE n&#039;a propos\u00e9 que $211 pour la t\u00e2che. Par cons\u00e9quent, le client a choisi iPNOTE comme plate-forme pour trouver des professionnels de la propri\u00e9t\u00e9 intellectuelle avec des prix comp\u00e9titifs.<\/p>\n<h6>12. R\u00e9pondre au libre acc\u00e8s en Cor\u00e9e du Sud<\/h6>\n<p>Le client a obtenu une action administrative du KIPO (Office cor\u00e9en de la propri\u00e9t\u00e9 intellectuelle) et a re\u00e7u une offre de l&#039;agent pour $960.<\/p>\n<p>Sachant que la date limite \u00e9tait proche, il a demand\u00e9 au responsable d&#039;iPNOTE s&#039;il y avait des solutions. Le responsable l&#039;a aid\u00e9 \u00e0 demander une offre aux avocats inscrits, et la moins ch\u00e8re \u00e9tait $498. Ainsi, l&#039;enregistrement rapide a \u00e9t\u00e9 r\u00e9alis\u00e9, ainsi que l&#039;affaire r\u00e9ussie. Le b\u00e9n\u00e9fice du client s&#039;est \u00e9lev\u00e9 \u00e0 $462 (48%).<\/p>","protected":false},"excerpt":{"rendered":"<p>12 easy ways to save money on IP 1. Filing a color trademark in China for two classes The client has worked with the agent from Europe for many years, he composed $1,450. The attorneys via iPNOTE offered from $358 to $1,050. The client\u2019s profit was about $1,092 (75%). 2. Responding to Office Action for [&hellip;]<\/p>","protected":false},"author":1,"featured_media":0,"parent":0,"menu_order":0,"comment_status":"closed","ping_status":"closed","template":"","meta":{"_acf_changed":false,"content-type":"","inline_featured_image":false,"footnotes":""},"class_list":["post-241","page","type-page","status-publish","hentry"],"acf":[],"yoast_head":"<!-- This site is optimized with the Yoast SEO Premium plugin v20.8 (Yoast SEO v20.11) - https:\/\/yoast.com\/wordpress\/plugins\/seo\/ -->\n<title>12 easy ways to save money on IP - iPNOTE \u2013 worldwide patent and trademark registration<\/title>\n<meta name=\"robots\" content=\"index, follow, max-snippet:-1, max-image-preview:large, max-video-preview:-1\" \/>\n<link rel=\"canonical\" href=\"https:\/\/ipnote.pro\/fra\/12-easy-ways-to-save-money-on-ip\/\" \/>\n<meta property=\"og:locale\" content=\"fr_FR\" \/>\n<meta property=\"og:type\" content=\"article\" \/>\n<meta property=\"og:title\" content=\"12 easy ways to save money on IP - iPNOTE \u2013 worldwide patent and trademark registration\" \/>\n<meta property=\"og:description\" content=\"12 easy ways to save money on IP 1. Filing a color trademark in China for two classes The client has worked with the agent from Europe for many years, he composed $1,450. The attorneys via iPNOTE offered from $358 to $1,050. The client\u2019s profit was about $1,092 (75%). 2. Responding to Office Action for [&hellip;]\" \/>\n<meta property=\"og:url\" content=\"https:\/\/ipnote.pro\/fra\/12-easy-ways-to-save-money-on-ip\/\" \/>\n<meta property=\"og:site_name\" content=\"iPNOTE \u2013 worldwide patent and trademark registration\" \/>\n<meta property=\"article:modified_time\" content=\"2021-11-11T10:36:28+00:00\" \/>\n<meta property=\"og:image\" content=\"https:\/\/ipnote.pro\/wp-content\/uploads\/2024\/07\/img_8892.png\" \/>\n\t<meta property=\"og:image:width\" content=\"1200\" \/>\n\t<meta property=\"og:image:height\" content=\"628\" \/>\n\t<meta property=\"og:image:type\" content=\"image\/png\" \/>\n<meta name=\"twitter:card\" content=\"summary_large_image\" \/>\n<meta name=\"twitter:label1\" content=\"Dur\u00e9e de lecture estim\u00e9e\" \/>\n\t<meta name=\"twitter:data1\" content=\"4 minutes\" \/>\n<script type=\"application\/ld+json\" class=\"yoast-schema-graph\">{\"@context\":\"https:\/\/schema.org\",\"@graph\":[{\"@type\":\"WebPage\",\"@id\":\"https:\/\/ipnote.pro\/12-easy-ways-to-save-money-on-ip\/\",\"url\":\"https:\/\/ipnote.pro\/12-easy-ways-to-save-money-on-ip\/\",\"name\":\"12 easy ways to save money on IP - iPNOTE \u2013 worldwide patent and trademark registration\",\"isPartOf\":{\"@id\":\"https:\/\/ipnote.pro\/#website\"},\"datePublished\":\"2021-11-11T10:04:00+00:00\",\"dateModified\":\"2021-11-11T10:36:28+00:00\",\"inLanguage\":\"fr-FR\",\"potentialAction\":[{\"@type\":\"ReadAction\",\"target\":[\"https:\/\/ipnote.pro\/12-easy-ways-to-save-money-on-ip\/\"]}]},{\"@type\":\"WebSite\",\"@id\":\"https:\/\/ipnote.pro\/#website\",\"url\":\"https:\/\/ipnote.pro\/\",\"name\":\"iPNOTE \u2013 worldwide patent and trademark registration\",\"description\":\"\",\"publisher\":{\"@id\":\"https:\/\/ipnote.pro\/#organization\"},\"potentialAction\":[{\"@type\":\"SearchAction\",\"target\":{\"@type\":\"EntryPoint\",\"urlTemplate\":\"https:\/\/ipnote.pro\/?s={search_term_string}\"},\"query-input\":\"required name=search_term_string\"}],\"inLanguage\":\"fr-FR\"},{\"@type\":\"Organization\",\"@id\":\"https:\/\/ipnote.pro\/#organization\",\"name\":\"iPNOTE \u2013 worldwide patent and trademark registration\",\"url\":\"https:\/\/ipnote.pro\/\",\"logo\":{\"@type\":\"ImageObject\",\"inLanguage\":\"fr-FR\",\"@id\":\"https:\/\/ipnote.pro\/#\/schema\/logo\/image\/\",\"url\":\"https:\/\/ipnote.pro\/wp-content\/uploads\/2024\/07\/img_8892.png\",\"contentUrl\":\"https:\/\/ipnote.pro\/wp-content\/uploads\/2024\/07\/img_8892.png\",\"width\":1200,\"height\":628,\"caption\":\"iPNOTE \u2013 worldwide patent and trademark registration\"},\"image\":{\"@id\":\"https:\/\/ipnote.pro\/#\/schema\/logo\/image\/\"},\"sameAs\":[\"https:\/\/www.linkedin.com\/company\/ipnote\",\"https:\/\/www.crunchbase.com\/organization\/ipnote\"]}]}<\/script>\n<!-- \/ Yoast SEO Premium plugin. -->","yoast_head_json":{"title":"12 fa\u00e7ons simples d&#039;\u00e9conomiser de l&#039;argent sur la propri\u00e9t\u00e9 intellectuelle - iPNOTE \u2013 enregistrement mondial de brevets et de marques","robots":{"index":"index","follow":"follow","max-snippet":"max-snippet:-1","max-image-preview":"max-image-preview:large","max-video-preview":"max-video-preview:-1"},"canonical":"https:\/\/ipnote.pro\/fra\/12-easy-ways-to-save-money-on-ip\/","og_locale":"fr_FR","og_type":"article","og_title":"12 easy ways to save money on IP - iPNOTE \u2013 worldwide patent and trademark registration","og_description":"12 easy ways to save money on IP 1. Filing a color trademark in China for two classes The client has worked with the agent from Europe for many years, he composed $1,450. The attorneys via iPNOTE offered from $358 to $1,050. The client\u2019s profit was about $1,092 (75%). 2. Responding to Office Action for [&hellip;]","og_url":"https:\/\/ipnote.pro\/fra\/12-easy-ways-to-save-money-on-ip\/","og_site_name":"iPNOTE \u2013 worldwide patent and trademark registration","article_modified_time":"2021-11-11T10:36:28+00:00","og_image":[{"width":1200,"height":628,"url":"https:\/\/ipnote.pro\/wp-content\/uploads\/2024\/07\/img_8892.png","type":"image\/png"}],"twitter_card":"summary_large_image","twitter_misc":{"Dur\u00e9e de lecture estim\u00e9e":"4 minutes"},"schema":{"@context":"https:\/\/schema.org","@graph":[{"@type":"WebPage","@id":"https:\/\/ipnote.pro\/12-easy-ways-to-save-money-on-ip\/","url":"https:\/\/ipnote.pro\/12-easy-ways-to-save-money-on-ip\/","name":"12 fa\u00e7ons simples d&#039;\u00e9conomiser de l&#039;argent sur la propri\u00e9t\u00e9 intellectuelle - iPNOTE \u2013 enregistrement mondial de brevets et de marques","isPartOf":{"@id":"https:\/\/ipnote.pro\/#website"},"datePublished":"2021-11-11T10:04:00+00:00","dateModified":"2021-11-11T10:36:28+00:00","inLanguage":"fr-FR","potentialAction":[{"@type":"ReadAction","target":["https:\/\/ipnote.pro\/12-easy-ways-to-save-money-on-ip\/"]}]},{"@type":"WebSite","@id":"https:\/\/ipnote.pro\/#website","url":"https:\/\/ipnote.pro\/","name":"iPNOTE \u2013 enregistrement mondial de brevets et de marques","description":"","publisher":{"@id":"https:\/\/ipnote.pro\/#organization"},"potentialAction":[{"@type":"SearchAction","target":{"@type":"EntryPoint","urlTemplate":"https:\/\/ipnote.pro\/?s={search_term_string}"},"query-input":"required name=search_term_string"}],"inLanguage":"fr-FR"},{"@type":"Organization","@id":"https:\/\/ipnote.pro\/#organization","name":"iPNOTE \u2013 enregistrement mondial de brevets et de marques","url":"https:\/\/ipnote.pro\/","logo":{"@type":"ImageObject","inLanguage":"fr-FR","@id":"https:\/\/ipnote.pro\/#\/schema\/logo\/image\/","url":"https:\/\/ipnote.pro\/wp-content\/uploads\/2024\/07\/img_8892.png","contentUrl":"https:\/\/ipnote.pro\/wp-content\/uploads\/2024\/07\/img_8892.png","width":1200,"height":628,"caption":"iPNOTE \u2013 worldwide patent and trademark registration"},"image":{"@id":"https:\/\/ipnote.pro\/#\/schema\/logo\/image\/"},"sameAs":["https:\/\/www.linkedin.com\/company\/ipnote","https:\/\/www.crunchbase.com\/organization\/ipnote"]}]}},"_links":{"self":[{"href":"https:\/\/ipnote.pro\/fra\/wp-json\/wp\/v2\/pages\/241","targetHints":{"allow":["GET"]}}],"collection":[{"href":"https:\/\/ipnote.pro\/fra\/wp-json\/wp\/v2\/pages"}],"about":[{"href":"https:\/\/ipnote.pro\/fra\/wp-json\/wp\/v2\/types\/page"}],"author":[{"embeddable":true,"href":"https:\/\/ipnote.pro\/fra\/wp-json\/wp\/v2\/users\/1"}],"replies":[{"embeddable":true,"href":"https:\/\/ipnote.pro\/fra\/wp-json\/wp\/v2\/comments?post=241"}],"version-history":[{"count":8,"href":"https:\/\/ipnote.pro\/fra\/wp-json\/wp\/v2\/pages\/241\/revisions"}],"predecessor-version":[{"id":250,"href":"https:\/\/ipnote.pro\/fra\/wp-json\/wp\/v2\/pages\/241\/revisions\/250"}],"wp:attachment":[{"href":"https:\/\/ipnote.pro\/fra\/wp-json\/wp\/v2\/media?parent=241"}],"curies":[{"name":"wp","href":"https:\/\/api.w.org\/{rel}","templated":true}]}}