{"id":241,"date":"2021-11-11T15:04:00","date_gmt":"2021-11-11T10:04:00","guid":{"rendered":"https:\/\/ipnote.pro\/?page_id=241"},"modified":"2021-11-11T15:36:28","modified_gmt":"2021-11-11T10:36:28","slug":"12-easy-ways-to-save-money-on-ip","status":"publish","type":"page","link":"https:\/\/ipnote.pro\/es\/12-easy-ways-to-save-money-on-ip\/","title":{"rendered":"12 formas sencillas de ahorrar dinero en propiedad intelectual"},"content":{"rendered":"<h2>12 formas sencillas de ahorrar dinero en propiedad intelectual<\/h2>\n<\/p>\n<h6>1. Presentaci\u00f3n de una marca de color en China para dos clases<\/h6>\n<p>El cliente ha trabajado con el agente de Europa durante muchos a\u00f1os, compuso $1,450.<\/p>\n<p>Los abogados a trav\u00e9s de iPNOTE ofrecieron entre $358 y $1,050. La ganancia del cliente fue de aproximadamente $1,092 (75%).<\/p>\n<h6>2. Respondiendo a una Acci\u00f3n de Oficina por un dise\u00f1o en los EE.UU. Un abogado ten\u00eda socios en los EE.UU.<\/h6>\n<p>Necesitaba responder de inmediato a Office Action por un dise\u00f1o, ya que era fundamental para el cliente obtener la patente lo antes posible. Sin embargo, los socios de EE. UU. estaban sobrecargados y solo pudieron entregarla en dos meses.<\/p>\n<p>El abogado vino a iPNOTE y cerr\u00f3 el trato en una semana con un precio casi similar.<\/p>\n<h6>3. Mantenimiento en Brasil<\/h6>\n<p>El cliente necesitaba mantener una patente y acudi\u00f3 al abogado con el que trabajaba anteriormente para la presentaci\u00f3n. El abogado redact\u00f3 el formulario $280. Resultaba caro para un servicio formal tan sencillo, as\u00ed que decidi\u00f3 buscar alternativas m\u00e1s econ\u00f3micas.<\/p>\n<p>Al d\u00eda siguiente, solicit\u00f3 presupuestos a los abogados de iPNOTE, y result\u00f3 que un despacho de abogados especializado en propiedad intelectual de R\u00edo de Janeiro estaba dispuesto a hacerlo por $180, incluyendo honorarios oficiales. La ganancia del cliente fue de $100 (36%).<\/p>\n<h6>4. Concesi\u00f3n de patentes en Australia<\/h6>\n<p>El cliente tuvo dificultades para obtener la aprobaci\u00f3n de la patente por parte de AusPat (Oficina Australiana de Patentes). Recibi\u00f3 dos acciones administrativas y tuvo que invertir muchos recursos en esta solicitud. Por lo tanto, quer\u00eda minimizar los costos restantes. El mismo agente europeo cobrar\u00eda $1,121 por la concesi\u00f3n, una cantidad bastante elevada.<\/p>\n<p>Posteriormente, el cliente solicit\u00f3 presupuestos a iPNOTE Solicitors. El rango de precios oscilaba entre $400 y $1000. Finalmente, eligi\u00f3 el despacho de S\u00eddney que pod\u00eda realizar el trabajo de inmediato. Solicitaron 500$, incluyendo los honorarios oficiales. El cliente se ahorr\u00f3 $621 (55%) y su tiempo.<\/p>\n<h6>5. Respuesta a las medidas de la oficina en China<\/h6>\n<p>El cliente ten\u00eda socios chinos y trabaj\u00f3 con ellos durante muchos a\u00f1os. Recibi\u00f3 dos respuestas, pero cada una costaba aproximadamente 3665 \u20ac.<\/p>\n<p>Mientras tanto, el cliente cre\u00f3 una tarea en iPNOTE para comparar precios entre abogados. Descubri\u00f3 que la oferta total de un abogado era de 661 \u20ac. El cliente empez\u00f3 a trabajar con los abogados a trav\u00e9s de iPNOTE, pero si hubiera empezado a usar la plataforma iPNOTE antes, se habr\u00eda ahorrado casi 6000 \u20ac.<\/p>\n<h6>6. Validaci\u00f3n en Europa<\/h6>\n<p>El cliente buscaba un abogado para la validaci\u00f3n en 25 pa\u00edses. El abogado europeo ofreci\u00f3 $42,120 por la tarea.<\/p>\n<p>El cliente ten\u00eda una fortuna considerable, por lo que recurri\u00f3 a iPNOTE para encontrar un abogado profesional con un precio razonable. El abogado a trav\u00e9s de iPNOTE obtuvo $29,897. La ganancia del cliente fue de $12,223 (29%).<\/p>\n<h6>7. Entrada a la fase nacional\/regional en 9 pa\u00edses\/regiones<\/h6>\n<p>El cliente debe participar en la fase nacional\/regional en 9 pa\u00edses\/regiones, incluyendo las tasas oficiales, la solicitud de examen, las traducciones y el poder notarial. El agente europeo elabor\u00f3 una oferta de 38.600 \u20ac (uno de los agentes m\u00e1s honestos).<\/p>\n<p>El precio total de siete nuevos agentes de patentes directos a trav\u00e9s de iPNOTE fue de 25.047 \u20ac. El beneficio del cliente ascendi\u00f3 a 13.553 \u20ac (35%).<\/p>\n<h6>8. Otros servicios (Registro de Cesi\u00f3n) en el Reino Unido<\/h6>\n<p>El abogado necesitaba cambiar la titularidad de una marca ante la UKIPO. Sin embargo, le result\u00f3 dif\u00edcil encontrar un profesional en su bufete, ya que estaba sobrecargado de casos.<\/p>\n<p>Por este motivo, se dirigi\u00f3 a la plataforma iPNOTE y encontr\u00f3 un abogado en Reino Unido en unos pocos clics por solo \u00a3 296.<\/p>\n<h6>9. Solicitud PCT para la fase nacional en Rusia<\/h6>\n<p>El agente compuso una oferta de aproximadamente $8,500 para la presentaci\u00f3n en fase nacional PCT de una secuencia de nucle\u00f3tidos en Rusia.<\/p>\n<p>El cliente no pod\u00eda permit\u00edrselo y empez\u00f3 a usar iPNOTE, donde encontr\u00f3 un abogado ruso que gestion\u00f3 este requisito por $6,000. La ganancia del cliente fue de $2,500 (29%).<\/p>\n<h6>10. Presentaci\u00f3n de una marca en Italia<\/h6>\n<p>El cliente buscaba un abogado italiano para presentar una solicitud de marca. Se acercaba la fecha l\u00edmite de presentaci\u00f3n, pero no encontraba la opci\u00f3n m\u00e1s adecuada.<\/p>\n<p>Utiliz\u00f3 iPNOTE y encontr\u00f3 un abogado italiano que le ofreci\u00f3 servicios de alta calidad por un buen valor de 690 \u20ac.<\/p>\n<h6>11. Mantenimiento en Canad\u00e1<\/h6>\n<p>El cliente necesitaba mantener una patente en Canad\u00e1 y contaba con varios proveedores para el caso: una empresa de propiedad intelectual cre\u00f3 la $427. Un software especializado proporcion\u00f3 la $254.<\/p>\n<p>Sin embargo, el abogado de iPNOTE solo ofreci\u00f3 $211 por el trabajo. Por lo tanto, el cliente eligi\u00f3 iPNOTE como plataforma para encontrar profesionales de propiedad intelectual con precios competitivos.<\/p>\n<h6>12. Respuesta al Acceso Abierto en Corea del Sur<\/h6>\n<p>El cliente obtuvo una acci\u00f3n de oficina de KIPO (Oficina de propiedad intelectual de Corea) y recibi\u00f3 una oferta del agente por $960.<\/p>\n<p>Sabiendo que la fecha l\u00edmite se acercaba, le pregunt\u00f3 al gerente de iPNOTE si hab\u00eda alguna soluci\u00f3n. El gerente le ayud\u00f3 a solicitar una oferta a los abogados registrados, y la m\u00e1s econ\u00f3mica fue $498. As\u00ed, el registro se realiz\u00f3 r\u00e1pidamente y el acuerdo se cerr\u00f3 con \u00e9xito. La ganancia del cliente ascendi\u00f3 a $462 (48%).<\/p>","protected":false},"excerpt":{"rendered":"<p>12 easy ways to save money on IP 1. Filing a color trademark in China for two classes The client has worked with the agent from Europe for many years, he composed $1,450. The attorneys via iPNOTE offered from $358 to $1,050. The client\u2019s profit was about $1,092 (75%). 2. Responding to Office Action for [&hellip;]<\/p>","protected":false},"author":1,"featured_media":0,"parent":0,"menu_order":0,"comment_status":"closed","ping_status":"closed","template":"","meta":{"_acf_changed":false,"content-type":"","inline_featured_image":false,"footnotes":""},"class_list":["post-241","page","type-page","status-publish","hentry"],"acf":[],"yoast_head":"<!-- This site is optimized with the Yoast SEO Premium plugin v20.8 (Yoast SEO v20.11) - https:\/\/yoast.com\/wordpress\/plugins\/seo\/ -->\n<title>12 easy ways to save money on IP - iPNOTE \u2013 worldwide patent and trademark registration<\/title>\n<meta name=\"robots\" content=\"index, follow, max-snippet:-1, max-image-preview:large, max-video-preview:-1\" \/>\n<link rel=\"canonical\" href=\"https:\/\/ipnote.pro\/es\/12-easy-ways-to-save-money-on-ip\/\" \/>\n<meta property=\"og:locale\" content=\"es_ES\" \/>\n<meta property=\"og:type\" content=\"article\" \/>\n<meta property=\"og:title\" content=\"12 easy ways to save money on IP - iPNOTE \u2013 worldwide patent and trademark registration\" \/>\n<meta property=\"og:description\" content=\"12 easy ways to save money on IP 1. Filing a color trademark in China for two classes The client has worked with the agent from Europe for many years, he composed $1,450. The attorneys via iPNOTE offered from $358 to $1,050. The client\u2019s profit was about $1,092 (75%). 2. Responding to Office Action for [&hellip;]\" \/>\n<meta property=\"og:url\" content=\"https:\/\/ipnote.pro\/es\/12-easy-ways-to-save-money-on-ip\/\" \/>\n<meta property=\"og:site_name\" content=\"iPNOTE \u2013 worldwide patent and trademark registration\" \/>\n<meta property=\"article:modified_time\" content=\"2021-11-11T10:36:28+00:00\" \/>\n<meta property=\"og:image\" content=\"https:\/\/ipnote.pro\/wp-content\/uploads\/2024\/07\/img_8892.png\" \/>\n\t<meta property=\"og:image:width\" content=\"1200\" \/>\n\t<meta property=\"og:image:height\" content=\"628\" \/>\n\t<meta property=\"og:image:type\" content=\"image\/png\" \/>\n<meta name=\"twitter:card\" content=\"summary_large_image\" \/>\n<meta name=\"twitter:label1\" content=\"Tiempo de lectura\" \/>\n\t<meta name=\"twitter:data1\" content=\"4 minutos\" \/>\n<script type=\"application\/ld+json\" class=\"yoast-schema-graph\">{\"@context\":\"https:\/\/schema.org\",\"@graph\":[{\"@type\":\"WebPage\",\"@id\":\"https:\/\/ipnote.pro\/12-easy-ways-to-save-money-on-ip\/\",\"url\":\"https:\/\/ipnote.pro\/12-easy-ways-to-save-money-on-ip\/\",\"name\":\"12 easy ways to save money on IP - iPNOTE \u2013 worldwide patent and trademark registration\",\"isPartOf\":{\"@id\":\"https:\/\/ipnote.pro\/#website\"},\"datePublished\":\"2021-11-11T10:04:00+00:00\",\"dateModified\":\"2021-11-11T10:36:28+00:00\",\"inLanguage\":\"es\",\"potentialAction\":[{\"@type\":\"ReadAction\",\"target\":[\"https:\/\/ipnote.pro\/12-easy-ways-to-save-money-on-ip\/\"]}]},{\"@type\":\"WebSite\",\"@id\":\"https:\/\/ipnote.pro\/#website\",\"url\":\"https:\/\/ipnote.pro\/\",\"name\":\"iPNOTE \u2013 worldwide patent and trademark registration\",\"description\":\"\",\"publisher\":{\"@id\":\"https:\/\/ipnote.pro\/#organization\"},\"potentialAction\":[{\"@type\":\"SearchAction\",\"target\":{\"@type\":\"EntryPoint\",\"urlTemplate\":\"https:\/\/ipnote.pro\/?s={search_term_string}\"},\"query-input\":\"required name=search_term_string\"}],\"inLanguage\":\"es\"},{\"@type\":\"Organization\",\"@id\":\"https:\/\/ipnote.pro\/#organization\",\"name\":\"iPNOTE \u2013 worldwide patent and trademark registration\",\"url\":\"https:\/\/ipnote.pro\/\",\"logo\":{\"@type\":\"ImageObject\",\"inLanguage\":\"es\",\"@id\":\"https:\/\/ipnote.pro\/#\/schema\/logo\/image\/\",\"url\":\"https:\/\/ipnote.pro\/wp-content\/uploads\/2024\/07\/img_8892.png\",\"contentUrl\":\"https:\/\/ipnote.pro\/wp-content\/uploads\/2024\/07\/img_8892.png\",\"width\":1200,\"height\":628,\"caption\":\"iPNOTE \u2013 worldwide patent and trademark registration\"},\"image\":{\"@id\":\"https:\/\/ipnote.pro\/#\/schema\/logo\/image\/\"},\"sameAs\":[\"https:\/\/www.linkedin.com\/company\/ipnote\",\"https:\/\/www.crunchbase.com\/organization\/ipnote\"]}]}<\/script>\n<!-- \/ Yoast SEO Premium plugin. -->","yoast_head_json":{"title":"12 maneras sencillas de ahorrar dinero en propiedad intelectual - iPNOTE \u2013 registro mundial de patentes y marcas","robots":{"index":"index","follow":"follow","max-snippet":"max-snippet:-1","max-image-preview":"max-image-preview:large","max-video-preview":"max-video-preview:-1"},"canonical":"https:\/\/ipnote.pro\/es\/12-easy-ways-to-save-money-on-ip\/","og_locale":"es_ES","og_type":"article","og_title":"12 easy ways to save money on IP - iPNOTE \u2013 worldwide patent and trademark registration","og_description":"12 easy ways to save money on IP 1. Filing a color trademark in China for two classes The client has worked with the agent from Europe for many years, he composed $1,450. The attorneys via iPNOTE offered from $358 to $1,050. The client\u2019s profit was about $1,092 (75%). 2. Responding to Office Action for [&hellip;]","og_url":"https:\/\/ipnote.pro\/es\/12-easy-ways-to-save-money-on-ip\/","og_site_name":"iPNOTE \u2013 worldwide patent and trademark registration","article_modified_time":"2021-11-11T10:36:28+00:00","og_image":[{"width":1200,"height":628,"url":"https:\/\/ipnote.pro\/wp-content\/uploads\/2024\/07\/img_8892.png","type":"image\/png"}],"twitter_card":"summary_large_image","twitter_misc":{"Tiempo de lectura":"4 minutos"},"schema":{"@context":"https:\/\/schema.org","@graph":[{"@type":"WebPage","@id":"https:\/\/ipnote.pro\/12-easy-ways-to-save-money-on-ip\/","url":"https:\/\/ipnote.pro\/12-easy-ways-to-save-money-on-ip\/","name":"12 maneras sencillas de ahorrar dinero en propiedad intelectual - iPNOTE \u2013 registro mundial de patentes y marcas","isPartOf":{"@id":"https:\/\/ipnote.pro\/#website"},"datePublished":"2021-11-11T10:04:00+00:00","dateModified":"2021-11-11T10:36:28+00:00","inLanguage":"es","potentialAction":[{"@type":"ReadAction","target":["https:\/\/ipnote.pro\/12-easy-ways-to-save-money-on-ip\/"]}]},{"@type":"WebSite","@id":"https:\/\/ipnote.pro\/#website","url":"https:\/\/ipnote.pro\/","name":"iPNOTE \u2013 registro de patentes y marcas a nivel mundial","description":"","publisher":{"@id":"https:\/\/ipnote.pro\/#organization"},"potentialAction":[{"@type":"SearchAction","target":{"@type":"EntryPoint","urlTemplate":"https:\/\/ipnote.pro\/?s={search_term_string}"},"query-input":"required name=search_term_string"}],"inLanguage":"es"},{"@type":"Organization","@id":"https:\/\/ipnote.pro\/#organization","name":"iPNOTE \u2013 registro de patentes y marcas a nivel mundial","url":"https:\/\/ipnote.pro\/","logo":{"@type":"ImageObject","inLanguage":"es","@id":"https:\/\/ipnote.pro\/#\/schema\/logo\/image\/","url":"https:\/\/ipnote.pro\/wp-content\/uploads\/2024\/07\/img_8892.png","contentUrl":"https:\/\/ipnote.pro\/wp-content\/uploads\/2024\/07\/img_8892.png","width":1200,"height":628,"caption":"iPNOTE \u2013 worldwide patent and trademark registration"},"image":{"@id":"https:\/\/ipnote.pro\/#\/schema\/logo\/image\/"},"sameAs":["https:\/\/www.linkedin.com\/company\/ipnote","https:\/\/www.crunchbase.com\/organization\/ipnote"]}]}},"_links":{"self":[{"href":"https:\/\/ipnote.pro\/es\/wp-json\/wp\/v2\/pages\/241","targetHints":{"allow":["GET"]}}],"collection":[{"href":"https:\/\/ipnote.pro\/es\/wp-json\/wp\/v2\/pages"}],"about":[{"href":"https:\/\/ipnote.pro\/es\/wp-json\/wp\/v2\/types\/page"}],"author":[{"embeddable":true,"href":"https:\/\/ipnote.pro\/es\/wp-json\/wp\/v2\/users\/1"}],"replies":[{"embeddable":true,"href":"https:\/\/ipnote.pro\/es\/wp-json\/wp\/v2\/comments?post=241"}],"version-history":[{"count":8,"href":"https:\/\/ipnote.pro\/es\/wp-json\/wp\/v2\/pages\/241\/revisions"}],"predecessor-version":[{"id":250,"href":"https:\/\/ipnote.pro\/es\/wp-json\/wp\/v2\/pages\/241\/revisions\/250"}],"wp:attachment":[{"href":"https:\/\/ipnote.pro\/es\/wp-json\/wp\/v2\/media?parent=241"}],"curies":[{"name":"wp","href":"https:\/\/api.w.org\/{rel}","templated":true}]}}